{"id":865,"date":"2022-06-07T19:41:43","date_gmt":"2022-06-07T17:41:43","guid":{"rendered":"https:\/\/www.quincaillerie-lustrerie.be\/produit\/poignee-de-meuble-en-fer-bronze-torsade\/"},"modified":"2022-06-07T19:42:59","modified_gmt":"2022-06-07T17:42:59","slug":"poignee-de-meuble-en-fer-bronze-torsade","status":"publish","type":"product","link":"https:\/\/www.quincaillerie-lustrerie.be\/nl\/produit\/poignee-de-meuble-en-fer-bronze-torsade\/","title":{"rendered":"Poign\u00e9e de meuble en fer bronz\u00e9 torsad\u00e9"},"content":{"rendered":"<p>Largeur hors tout de 13cm<br \/>\nHauteur hors tout de 3,5cm<br \/>\nEntraxe vis 12,5cm<\/p>\n","protected":false},"excerpt":{"rendered":"<p>Poign\u00e9e de meuble en fer bronz\u00e9 torsad\u00e9<\/p>\n","protected":false},"featured_media":868,"template":"","meta":{"_acf_changed":false},"product_brand":[],"product_cat":[63,61],"product_tag":[],"class_list":{"0":"post-865","1":"product","2":"type-product","3":"status-publish","4":"has-post-thumbnail","6":"product_cat-quincaillerie-nl","7":"product_cat-tirants-nl","9":"first","10":"instock","11":"shipping-taxable","12":"purchasable","13":"product-type-simple"},"acf":[],"yoast_head":"<!-- This site is optimized with the Yoast SEO plugin v25.4 - https:\/\/yoast.com\/wordpress\/plugins\/seo\/ -->\n<title>Poign\u00e9e de meuble en fer bronz\u00e9 torsad\u00e9 - Quincaillerie &amp; Lustrerie<\/title>\n<meta name=\"robots\" content=\"index, follow, max-snippet:-1, max-image-preview:large, max-video-preview:-1\" \/>\n<link rel=\"canonical\" href=\"https:\/\/www.quincaillerie-lustrerie.be\/nl\/produit\/poignee-de-meuble-en-fer-bronze-torsade\/\" \/>\n<meta property=\"og:locale\" content=\"nl_NL\" \/>\n<meta property=\"og:type\" content=\"article\" \/>\n<meta property=\"og:title\" content=\"Poign\u00e9e de meuble en fer bronz\u00e9 torsad\u00e9 - Quincaillerie &amp; Lustrerie\" \/>\n<meta property=\"og:description\" content=\"Poign\u00e9e de meuble en fer bronz\u00e9 torsad\u00e9\" \/>\n<meta property=\"og:url\" content=\"https:\/\/www.quincaillerie-lustrerie.be\/nl\/produit\/poignee-de-meuble-en-fer-bronze-torsade\/\" \/>\n<meta property=\"og:site_name\" content=\"Quincaillerie &amp; Lustrerie\" \/>\n<meta property=\"article:modified_time\" content=\"2022-06-07T17:42:59+00:00\" \/>\n<meta property=\"og:image\" content=\"https:\/\/www.quincaillerie-lustrerie.be\/wp-content\/uploads\/2022\/06\/C7B7A631-9A91-439B-B4B1-1DE591D7CA5C.jpeg\" \/>\n\t<meta property=\"og:image:width\" content=\"787\" \/>\n\t<meta property=\"og:image:height\" content=\"971\" \/>\n\t<meta property=\"og:image:type\" content=\"image\/jpeg\" \/>\n<meta name=\"twitter:card\" content=\"summary_large_image\" \/>\n<script type=\"application\/ld+json\" class=\"yoast-schema-graph\">{\"@context\":\"https:\/\/schema.org\",\"@graph\":[{\"@type\":\"WebPage\",\"@id\":\"https:\/\/www.quincaillerie-lustrerie.be\/nl\/produit\/poignee-de-meuble-en-fer-bronze-torsade\/\",\"url\":\"https:\/\/www.quincaillerie-lustrerie.be\/nl\/produit\/poignee-de-meuble-en-fer-bronze-torsade\/\",\"name\":\"Poign\u00e9e de meuble en fer bronz\u00e9 torsad\u00e9 - Quincaillerie &amp; Lustrerie\",\"isPartOf\":{\"@id\":\"https:\/\/www.quincaillerie-lustrerie.be\/#website\"},\"primaryImageOfPage\":{\"@id\":\"https:\/\/www.quincaillerie-lustrerie.be\/nl\/produit\/poignee-de-meuble-en-fer-bronze-torsade\/#primaryimage\"},\"image\":{\"@id\":\"https:\/\/www.quincaillerie-lustrerie.be\/nl\/produit\/poignee-de-meuble-en-fer-bronze-torsade\/#primaryimage\"},\"thumbnailUrl\":\"https:\/\/www.quincaillerie-lustrerie.be\/wp-content\/uploads\/2022\/06\/C7B7A631-9A91-439B-B4B1-1DE591D7CA5C.jpeg\",\"datePublished\":\"2022-06-07T17:41:43+00:00\",\"dateModified\":\"2022-06-07T17:42:59+00:00\",\"breadcrumb\":{\"@id\":\"https:\/\/www.quincaillerie-lustrerie.be\/nl\/produit\/poignee-de-meuble-en-fer-bronze-torsade\/#breadcrumb\"},\"inLanguage\":\"nl-NL\",\"potentialAction\":[{\"@type\":\"ReadAction\",\"target\":[\"https:\/\/www.quincaillerie-lustrerie.be\/nl\/produit\/poignee-de-meuble-en-fer-bronze-torsade\/\"]}]},{\"@type\":\"ImageObject\",\"inLanguage\":\"nl-NL\",\"@id\":\"https:\/\/www.quincaillerie-lustrerie.be\/nl\/produit\/poignee-de-meuble-en-fer-bronze-torsade\/#primaryimage\",\"url\":\"https:\/\/www.quincaillerie-lustrerie.be\/wp-content\/uploads\/2022\/06\/C7B7A631-9A91-439B-B4B1-1DE591D7CA5C.jpeg\",\"contentUrl\":\"https:\/\/www.quincaillerie-lustrerie.be\/wp-content\/uploads\/2022\/06\/C7B7A631-9A91-439B-B4B1-1DE591D7CA5C.jpeg\",\"width\":787,\"height\":971},{\"@type\":\"BreadcrumbList\",\"@id\":\"https:\/\/www.quincaillerie-lustrerie.be\/nl\/produit\/poignee-de-meuble-en-fer-bronze-torsade\/#breadcrumb\",\"itemListElement\":[{\"@type\":\"ListItem\",\"position\":1,\"name\":\"Accueil\",\"item\":\"https:\/\/www.quincaillerie-lustrerie.be\/\"},{\"@type\":\"ListItem\",\"position\":2,\"name\":\"Poign\u00e9e de meuble en fer bronz\u00e9 torsad\u00e9\"}]},{\"@type\":\"WebSite\",\"@id\":\"https:\/\/www.quincaillerie-lustrerie.be\/#website\",\"url\":\"https:\/\/www.quincaillerie-lustrerie.be\/\",\"name\":\"Quincaillerie &amp; Lustrerie\",\"description\":\"Vintage et Antiques\",\"publisher\":{\"@id\":\"https:\/\/www.quincaillerie-lustrerie.be\/#\/schema\/person\/b803e421c0f01ae448438d407fee966a\"},\"potentialAction\":[{\"@type\":\"SearchAction\",\"target\":{\"@type\":\"EntryPoint\",\"urlTemplate\":\"https:\/\/www.quincaillerie-lustrerie.be\/?s={search_term_string}\"},\"query-input\":{\"@type\":\"PropertyValueSpecification\",\"valueRequired\":true,\"valueName\":\"search_term_string\"}}],\"inLanguage\":\"nl-NL\"},{\"@type\":[\"Person\",\"Organization\"],\"@id\":\"https:\/\/www.quincaillerie-lustrerie.be\/#\/schema\/person\/b803e421c0f01ae448438d407fee966a\",\"name\":\"adminquincaillerie\",\"image\":{\"@type\":\"ImageObject\",\"inLanguage\":\"nl-NL\",\"@id\":\"https:\/\/www.quincaillerie-lustrerie.be\/#\/schema\/person\/image\/\",\"url\":\"https:\/\/www.quincaillerie-lustrerie.be\/wp-content\/uploads\/2022\/05\/logo.png\",\"contentUrl\":\"https:\/\/www.quincaillerie-lustrerie.be\/wp-content\/uploads\/2022\/05\/logo.png\",\"width\":275,\"height\":130,\"caption\":\"adminquincaillerie\"},\"logo\":{\"@id\":\"https:\/\/www.quincaillerie-lustrerie.be\/#\/schema\/person\/image\/\"}}]}<\/script>\n<!-- \/ Yoast SEO plugin. -->","yoast_head_json":{"title":"Poign\u00e9e de meuble en fer bronz\u00e9 torsad\u00e9 - Quincaillerie &amp; Lustrerie","robots":{"index":"index","follow":"follow","max-snippet":"max-snippet:-1","max-image-preview":"max-image-preview:large","max-video-preview":"max-video-preview:-1"},"canonical":"https:\/\/www.quincaillerie-lustrerie.be\/nl\/produit\/poignee-de-meuble-en-fer-bronze-torsade\/","og_locale":"nl_NL","og_type":"article","og_title":"Poign\u00e9e de meuble en fer bronz\u00e9 torsad\u00e9 - Quincaillerie &amp; Lustrerie","og_description":"Poign\u00e9e de meuble en fer bronz\u00e9 torsad\u00e9","og_url":"https:\/\/www.quincaillerie-lustrerie.be\/nl\/produit\/poignee-de-meuble-en-fer-bronze-torsade\/","og_site_name":"Quincaillerie &amp; Lustrerie","article_modified_time":"2022-06-07T17:42:59+00:00","og_image":[{"width":787,"height":971,"url":"https:\/\/www.quincaillerie-lustrerie.be\/wp-content\/uploads\/2022\/06\/C7B7A631-9A91-439B-B4B1-1DE591D7CA5C.jpeg","type":"image\/jpeg"}],"twitter_card":"summary_large_image","schema":{"@context":"https:\/\/schema.org","@graph":[{"@type":"WebPage","@id":"https:\/\/www.quincaillerie-lustrerie.be\/nl\/produit\/poignee-de-meuble-en-fer-bronze-torsade\/","url":"https:\/\/www.quincaillerie-lustrerie.be\/nl\/produit\/poignee-de-meuble-en-fer-bronze-torsade\/","name":"Poign\u00e9e de meuble en fer bronz\u00e9 torsad\u00e9 - Quincaillerie &amp; Lustrerie","isPartOf":{"@id":"https:\/\/www.quincaillerie-lustrerie.be\/#website"},"primaryImageOfPage":{"@id":"https:\/\/www.quincaillerie-lustrerie.be\/nl\/produit\/poignee-de-meuble-en-fer-bronze-torsade\/#primaryimage"},"image":{"@id":"https:\/\/www.quincaillerie-lustrerie.be\/nl\/produit\/poignee-de-meuble-en-fer-bronze-torsade\/#primaryimage"},"thumbnailUrl":"https:\/\/www.quincaillerie-lustrerie.be\/wp-content\/uploads\/2022\/06\/C7B7A631-9A91-439B-B4B1-1DE591D7CA5C.jpeg","datePublished":"2022-06-07T17:41:43+00:00","dateModified":"2022-06-07T17:42:59+00:00","breadcrumb":{"@id":"https:\/\/www.quincaillerie-lustrerie.be\/nl\/produit\/poignee-de-meuble-en-fer-bronze-torsade\/#breadcrumb"},"inLanguage":"nl-NL","potentialAction":[{"@type":"ReadAction","target":["https:\/\/www.quincaillerie-lustrerie.be\/nl\/produit\/poignee-de-meuble-en-fer-bronze-torsade\/"]}]},{"@type":"ImageObject","inLanguage":"nl-NL","@id":"https:\/\/www.quincaillerie-lustrerie.be\/nl\/produit\/poignee-de-meuble-en-fer-bronze-torsade\/#primaryimage","url":"https:\/\/www.quincaillerie-lustrerie.be\/wp-content\/uploads\/2022\/06\/C7B7A631-9A91-439B-B4B1-1DE591D7CA5C.jpeg","contentUrl":"https:\/\/www.quincaillerie-lustrerie.be\/wp-content\/uploads\/2022\/06\/C7B7A631-9A91-439B-B4B1-1DE591D7CA5C.jpeg","width":787,"height":971},{"@type":"BreadcrumbList","@id":"https:\/\/www.quincaillerie-lustrerie.be\/nl\/produit\/poignee-de-meuble-en-fer-bronze-torsade\/#breadcrumb","itemListElement":[{"@type":"ListItem","position":1,"name":"Accueil","item":"https:\/\/www.quincaillerie-lustrerie.be\/"},{"@type":"ListItem","position":2,"name":"Poign\u00e9e de meuble en fer bronz\u00e9 torsad\u00e9"}]},{"@type":"WebSite","@id":"https:\/\/www.quincaillerie-lustrerie.be\/#website","url":"https:\/\/www.quincaillerie-lustrerie.be\/","name":"Quincaillerie &amp; Lustrerie","description":"Vintage et Antiques","publisher":{"@id":"https:\/\/www.quincaillerie-lustrerie.be\/#\/schema\/person\/b803e421c0f01ae448438d407fee966a"},"potentialAction":[{"@type":"SearchAction","target":{"@type":"EntryPoint","urlTemplate":"https:\/\/www.quincaillerie-lustrerie.be\/?s={search_term_string}"},"query-input":{"@type":"PropertyValueSpecification","valueRequired":true,"valueName":"search_term_string"}}],"inLanguage":"nl-NL"},{"@type":["Person","Organization"],"@id":"https:\/\/www.quincaillerie-lustrerie.be\/#\/schema\/person\/b803e421c0f01ae448438d407fee966a","name":"adminquincaillerie","image":{"@type":"ImageObject","inLanguage":"nl-NL","@id":"https:\/\/www.quincaillerie-lustrerie.be\/#\/schema\/person\/image\/","url":"https:\/\/www.quincaillerie-lustrerie.be\/wp-content\/uploads\/2022\/05\/logo.png","contentUrl":"https:\/\/www.quincaillerie-lustrerie.be\/wp-content\/uploads\/2022\/05\/logo.png","width":275,"height":130,"caption":"adminquincaillerie"},"logo":{"@id":"https:\/\/www.quincaillerie-lustrerie.be\/#\/schema\/person\/image\/"}}]}},"_links":{"self":[{"href":"https:\/\/www.quincaillerie-lustrerie.be\/nl\/wp-json\/wp\/v2\/product\/865","targetHints":{"allow":["GET"]}}],"collection":[{"href":"https:\/\/www.quincaillerie-lustrerie.be\/nl\/wp-json\/wp\/v2\/product"}],"about":[{"href":"https:\/\/www.quincaillerie-lustrerie.be\/nl\/wp-json\/wp\/v2\/types\/product"}],"wp:featuredmedia":[{"embeddable":true,"href":"https:\/\/www.quincaillerie-lustrerie.be\/nl\/wp-json\/wp\/v2\/media\/868"}],"wp:attachment":[{"href":"https:\/\/www.quincaillerie-lustrerie.be\/nl\/wp-json\/wp\/v2\/media?parent=865"}],"wp:term":[{"taxonomy":"product_brand","embeddable":true,"href":"https:\/\/www.quincaillerie-lustrerie.be\/nl\/wp-json\/wp\/v2\/product_brand?post=865"},{"taxonomy":"product_cat","embeddable":true,"href":"https:\/\/www.quincaillerie-lustrerie.be\/nl\/wp-json\/wp\/v2\/product_cat?post=865"},{"taxonomy":"product_tag","embeddable":true,"href":"https:\/\/www.quincaillerie-lustrerie.be\/nl\/wp-json\/wp\/v2\/product_tag?post=865"}],"curies":[{"name":"wp","href":"https:\/\/api.w.org\/{rel}","templated":true}]}}