{"id":766,"date":"2022-06-07T18:05:26","date_gmt":"2022-06-07T16:05:26","guid":{"rendered":"https:\/\/www.quincaillerie-lustrerie.be\/produit\/entree-de-serrure-old-style-en-laiton-estampe-patine-brun\/"},"modified":"2022-06-07T18:13:53","modified_gmt":"2022-06-07T16:13:53","slug":"entree-de-serrure-old-style-en-laiton-estampe-patine-brun","status":"publish","type":"product","link":"https:\/\/www.quincaillerie-lustrerie.be\/nl\/produit\/entree-de-serrure-old-style-en-laiton-estampe-patine-brun\/","title":{"rendered":"Entr\u00e9e de serrure old style en laiton estamp\u00e9 patin\u00e9 brun"},"content":{"rendered":"<p>Largeur hors tout de 8,4cm<br \/>\nHauteur hors tout de 3cm<br \/>\nTrou de cl\u00e9 de 1,5cm<\/p>\n","protected":false},"excerpt":{"rendered":"<p>Entr\u00e9e de serrure old en laiton estamp\u00e9 patin\u00e9 brun<\/p>\n","protected":false},"featured_media":785,"template":"","meta":{"_acf_changed":false},"product_brand":[],"product_cat":[63,76],"product_tag":[],"class_list":{"0":"post-766","1":"product","2":"type-product","3":"status-publish","4":"has-post-thumbnail","6":"product_cat-quincaillerie-nl","7":"product_cat-entree-de-serrure-nl","9":"first","10":"instock","11":"shipping-taxable","12":"purchasable","13":"product-type-simple"},"acf":[],"yoast_head":"<!-- This site is optimized with the Yoast SEO plugin v25.4 - https:\/\/yoast.com\/wordpress\/plugins\/seo\/ -->\n<title>Entr\u00e9e de serrure old style en laiton estamp\u00e9 patin\u00e9 brun - Quincaillerie &amp; Lustrerie<\/title>\n<meta name=\"description\" content=\"Entr\u00e9e de serrure old style en laiton estamp\u00e9 patin\u00e9 brun\" \/>\n<meta name=\"robots\" content=\"index, follow, max-snippet:-1, max-image-preview:large, max-video-preview:-1\" \/>\n<link rel=\"canonical\" href=\"https:\/\/www.quincaillerie-lustrerie.be\/nl\/produit\/entree-de-serrure-old-style-en-laiton-estampe-patine-brun\/\" \/>\n<meta property=\"og:locale\" content=\"nl_NL\" \/>\n<meta property=\"og:type\" content=\"article\" \/>\n<meta property=\"og:title\" content=\"Entr\u00e9e de serrure old style en laiton estamp\u00e9 patin\u00e9 brun - Quincaillerie &amp; Lustrerie\" \/>\n<meta property=\"og:description\" content=\"Entr\u00e9e de serrure old style en laiton estamp\u00e9 patin\u00e9 brun\" \/>\n<meta property=\"og:url\" content=\"https:\/\/www.quincaillerie-lustrerie.be\/nl\/produit\/entree-de-serrure-old-style-en-laiton-estampe-patine-brun\/\" \/>\n<meta property=\"og:site_name\" content=\"Quincaillerie &amp; Lustrerie\" \/>\n<meta property=\"article:modified_time\" content=\"2022-06-07T16:13:53+00:00\" \/>\n<meta property=\"og:image\" content=\"https:\/\/www.quincaillerie-lustrerie.be\/wp-content\/uploads\/2022\/06\/686A72AD-6E08-46AE-9E09-1B3643485213.jpeg\" \/>\n\t<meta property=\"og:image:width\" content=\"799\" \/>\n\t<meta property=\"og:image:height\" content=\"938\" \/>\n\t<meta property=\"og:image:type\" content=\"image\/jpeg\" \/>\n<meta name=\"twitter:card\" content=\"summary_large_image\" \/>\n<script type=\"application\/ld+json\" class=\"yoast-schema-graph\">{\"@context\":\"https:\/\/schema.org\",\"@graph\":[{\"@type\":\"WebPage\",\"@id\":\"https:\/\/www.quincaillerie-lustrerie.be\/nl\/produit\/entree-de-serrure-old-style-en-laiton-estampe-patine-brun\/\",\"url\":\"https:\/\/www.quincaillerie-lustrerie.be\/nl\/produit\/entree-de-serrure-old-style-en-laiton-estampe-patine-brun\/\",\"name\":\"Entr\u00e9e de serrure old style en laiton estamp\u00e9 patin\u00e9 brun - Quincaillerie &amp; Lustrerie\",\"isPartOf\":{\"@id\":\"https:\/\/www.quincaillerie-lustrerie.be\/#website\"},\"primaryImageOfPage\":{\"@id\":\"https:\/\/www.quincaillerie-lustrerie.be\/nl\/produit\/entree-de-serrure-old-style-en-laiton-estampe-patine-brun\/#primaryimage\"},\"image\":{\"@id\":\"https:\/\/www.quincaillerie-lustrerie.be\/nl\/produit\/entree-de-serrure-old-style-en-laiton-estampe-patine-brun\/#primaryimage\"},\"thumbnailUrl\":\"https:\/\/www.quincaillerie-lustrerie.be\/wp-content\/uploads\/2022\/06\/686A72AD-6E08-46AE-9E09-1B3643485213.jpeg\",\"datePublished\":\"2022-06-07T16:05:26+00:00\",\"dateModified\":\"2022-06-07T16:13:53+00:00\",\"description\":\"Entr\u00e9e de serrure old style en laiton estamp\u00e9 patin\u00e9 brun\",\"breadcrumb\":{\"@id\":\"https:\/\/www.quincaillerie-lustrerie.be\/nl\/produit\/entree-de-serrure-old-style-en-laiton-estampe-patine-brun\/#breadcrumb\"},\"inLanguage\":\"nl-NL\",\"potentialAction\":[{\"@type\":\"ReadAction\",\"target\":[\"https:\/\/www.quincaillerie-lustrerie.be\/nl\/produit\/entree-de-serrure-old-style-en-laiton-estampe-patine-brun\/\"]}]},{\"@type\":\"ImageObject\",\"inLanguage\":\"nl-NL\",\"@id\":\"https:\/\/www.quincaillerie-lustrerie.be\/nl\/produit\/entree-de-serrure-old-style-en-laiton-estampe-patine-brun\/#primaryimage\",\"url\":\"https:\/\/www.quincaillerie-lustrerie.be\/wp-content\/uploads\/2022\/06\/686A72AD-6E08-46AE-9E09-1B3643485213.jpeg\",\"contentUrl\":\"https:\/\/www.quincaillerie-lustrerie.be\/wp-content\/uploads\/2022\/06\/686A72AD-6E08-46AE-9E09-1B3643485213.jpeg\",\"width\":799,\"height\":938},{\"@type\":\"BreadcrumbList\",\"@id\":\"https:\/\/www.quincaillerie-lustrerie.be\/nl\/produit\/entree-de-serrure-old-style-en-laiton-estampe-patine-brun\/#breadcrumb\",\"itemListElement\":[{\"@type\":\"ListItem\",\"position\":1,\"name\":\"Accueil\",\"item\":\"https:\/\/www.quincaillerie-lustrerie.be\/\"},{\"@type\":\"ListItem\",\"position\":2,\"name\":\"Entr\u00e9e de serrure old style en laiton estamp\u00e9 patin\u00e9 brun\"}]},{\"@type\":\"WebSite\",\"@id\":\"https:\/\/www.quincaillerie-lustrerie.be\/#website\",\"url\":\"https:\/\/www.quincaillerie-lustrerie.be\/\",\"name\":\"Quincaillerie &amp; Lustrerie\",\"description\":\"Vintage et Antiques\",\"publisher\":{\"@id\":\"https:\/\/www.quincaillerie-lustrerie.be\/#\/schema\/person\/b803e421c0f01ae448438d407fee966a\"},\"potentialAction\":[{\"@type\":\"SearchAction\",\"target\":{\"@type\":\"EntryPoint\",\"urlTemplate\":\"https:\/\/www.quincaillerie-lustrerie.be\/?s={search_term_string}\"},\"query-input\":{\"@type\":\"PropertyValueSpecification\",\"valueRequired\":true,\"valueName\":\"search_term_string\"}}],\"inLanguage\":\"nl-NL\"},{\"@type\":[\"Person\",\"Organization\"],\"@id\":\"https:\/\/www.quincaillerie-lustrerie.be\/#\/schema\/person\/b803e421c0f01ae448438d407fee966a\",\"name\":\"adminquincaillerie\",\"image\":{\"@type\":\"ImageObject\",\"inLanguage\":\"nl-NL\",\"@id\":\"https:\/\/www.quincaillerie-lustrerie.be\/#\/schema\/person\/image\/\",\"url\":\"https:\/\/www.quincaillerie-lustrerie.be\/wp-content\/uploads\/2022\/05\/logo.png\",\"contentUrl\":\"https:\/\/www.quincaillerie-lustrerie.be\/wp-content\/uploads\/2022\/05\/logo.png\",\"width\":275,\"height\":130,\"caption\":\"adminquincaillerie\"},\"logo\":{\"@id\":\"https:\/\/www.quincaillerie-lustrerie.be\/#\/schema\/person\/image\/\"}}]}<\/script>\n<!-- \/ Yoast SEO plugin. -->","yoast_head_json":{"title":"Entr\u00e9e de serrure old style en laiton estamp\u00e9 patin\u00e9 brun - Quincaillerie &amp; Lustrerie","description":"Entr\u00e9e de serrure old style en laiton estamp\u00e9 patin\u00e9 brun","robots":{"index":"index","follow":"follow","max-snippet":"max-snippet:-1","max-image-preview":"max-image-preview:large","max-video-preview":"max-video-preview:-1"},"canonical":"https:\/\/www.quincaillerie-lustrerie.be\/nl\/produit\/entree-de-serrure-old-style-en-laiton-estampe-patine-brun\/","og_locale":"nl_NL","og_type":"article","og_title":"Entr\u00e9e de serrure old style en laiton estamp\u00e9 patin\u00e9 brun - Quincaillerie &amp; Lustrerie","og_description":"Entr\u00e9e de serrure old style en laiton estamp\u00e9 patin\u00e9 brun","og_url":"https:\/\/www.quincaillerie-lustrerie.be\/nl\/produit\/entree-de-serrure-old-style-en-laiton-estampe-patine-brun\/","og_site_name":"Quincaillerie &amp; Lustrerie","article_modified_time":"2022-06-07T16:13:53+00:00","og_image":[{"width":799,"height":938,"url":"https:\/\/www.quincaillerie-lustrerie.be\/wp-content\/uploads\/2022\/06\/686A72AD-6E08-46AE-9E09-1B3643485213.jpeg","type":"image\/jpeg"}],"twitter_card":"summary_large_image","schema":{"@context":"https:\/\/schema.org","@graph":[{"@type":"WebPage","@id":"https:\/\/www.quincaillerie-lustrerie.be\/nl\/produit\/entree-de-serrure-old-style-en-laiton-estampe-patine-brun\/","url":"https:\/\/www.quincaillerie-lustrerie.be\/nl\/produit\/entree-de-serrure-old-style-en-laiton-estampe-patine-brun\/","name":"Entr\u00e9e de serrure old style en laiton estamp\u00e9 patin\u00e9 brun - Quincaillerie &amp; Lustrerie","isPartOf":{"@id":"https:\/\/www.quincaillerie-lustrerie.be\/#website"},"primaryImageOfPage":{"@id":"https:\/\/www.quincaillerie-lustrerie.be\/nl\/produit\/entree-de-serrure-old-style-en-laiton-estampe-patine-brun\/#primaryimage"},"image":{"@id":"https:\/\/www.quincaillerie-lustrerie.be\/nl\/produit\/entree-de-serrure-old-style-en-laiton-estampe-patine-brun\/#primaryimage"},"thumbnailUrl":"https:\/\/www.quincaillerie-lustrerie.be\/wp-content\/uploads\/2022\/06\/686A72AD-6E08-46AE-9E09-1B3643485213.jpeg","datePublished":"2022-06-07T16:05:26+00:00","dateModified":"2022-06-07T16:13:53+00:00","description":"Entr\u00e9e de serrure old style en laiton estamp\u00e9 patin\u00e9 brun","breadcrumb":{"@id":"https:\/\/www.quincaillerie-lustrerie.be\/nl\/produit\/entree-de-serrure-old-style-en-laiton-estampe-patine-brun\/#breadcrumb"},"inLanguage":"nl-NL","potentialAction":[{"@type":"ReadAction","target":["https:\/\/www.quincaillerie-lustrerie.be\/nl\/produit\/entree-de-serrure-old-style-en-laiton-estampe-patine-brun\/"]}]},{"@type":"ImageObject","inLanguage":"nl-NL","@id":"https:\/\/www.quincaillerie-lustrerie.be\/nl\/produit\/entree-de-serrure-old-style-en-laiton-estampe-patine-brun\/#primaryimage","url":"https:\/\/www.quincaillerie-lustrerie.be\/wp-content\/uploads\/2022\/06\/686A72AD-6E08-46AE-9E09-1B3643485213.jpeg","contentUrl":"https:\/\/www.quincaillerie-lustrerie.be\/wp-content\/uploads\/2022\/06\/686A72AD-6E08-46AE-9E09-1B3643485213.jpeg","width":799,"height":938},{"@type":"BreadcrumbList","@id":"https:\/\/www.quincaillerie-lustrerie.be\/nl\/produit\/entree-de-serrure-old-style-en-laiton-estampe-patine-brun\/#breadcrumb","itemListElement":[{"@type":"ListItem","position":1,"name":"Accueil","item":"https:\/\/www.quincaillerie-lustrerie.be\/"},{"@type":"ListItem","position":2,"name":"Entr\u00e9e de serrure old style en laiton estamp\u00e9 patin\u00e9 brun"}]},{"@type":"WebSite","@id":"https:\/\/www.quincaillerie-lustrerie.be\/#website","url":"https:\/\/www.quincaillerie-lustrerie.be\/","name":"Quincaillerie &amp; Lustrerie","description":"Vintage et Antiques","publisher":{"@id":"https:\/\/www.quincaillerie-lustrerie.be\/#\/schema\/person\/b803e421c0f01ae448438d407fee966a"},"potentialAction":[{"@type":"SearchAction","target":{"@type":"EntryPoint","urlTemplate":"https:\/\/www.quincaillerie-lustrerie.be\/?s={search_term_string}"},"query-input":{"@type":"PropertyValueSpecification","valueRequired":true,"valueName":"search_term_string"}}],"inLanguage":"nl-NL"},{"@type":["Person","Organization"],"@id":"https:\/\/www.quincaillerie-lustrerie.be\/#\/schema\/person\/b803e421c0f01ae448438d407fee966a","name":"adminquincaillerie","image":{"@type":"ImageObject","inLanguage":"nl-NL","@id":"https:\/\/www.quincaillerie-lustrerie.be\/#\/schema\/person\/image\/","url":"https:\/\/www.quincaillerie-lustrerie.be\/wp-content\/uploads\/2022\/05\/logo.png","contentUrl":"https:\/\/www.quincaillerie-lustrerie.be\/wp-content\/uploads\/2022\/05\/logo.png","width":275,"height":130,"caption":"adminquincaillerie"},"logo":{"@id":"https:\/\/www.quincaillerie-lustrerie.be\/#\/schema\/person\/image\/"}}]}},"_links":{"self":[{"href":"https:\/\/www.quincaillerie-lustrerie.be\/nl\/wp-json\/wp\/v2\/product\/766","targetHints":{"allow":["GET"]}}],"collection":[{"href":"https:\/\/www.quincaillerie-lustrerie.be\/nl\/wp-json\/wp\/v2\/product"}],"about":[{"href":"https:\/\/www.quincaillerie-lustrerie.be\/nl\/wp-json\/wp\/v2\/types\/product"}],"wp:featuredmedia":[{"embeddable":true,"href":"https:\/\/www.quincaillerie-lustrerie.be\/nl\/wp-json\/wp\/v2\/media\/785"}],"wp:attachment":[{"href":"https:\/\/www.quincaillerie-lustrerie.be\/nl\/wp-json\/wp\/v2\/media?parent=766"}],"wp:term":[{"taxonomy":"product_brand","embeddable":true,"href":"https:\/\/www.quincaillerie-lustrerie.be\/nl\/wp-json\/wp\/v2\/product_brand?post=766"},{"taxonomy":"product_cat","embeddable":true,"href":"https:\/\/www.quincaillerie-lustrerie.be\/nl\/wp-json\/wp\/v2\/product_cat?post=766"},{"taxonomy":"product_tag","embeddable":true,"href":"https:\/\/www.quincaillerie-lustrerie.be\/nl\/wp-json\/wp\/v2\/product_tag?post=766"}],"curies":[{"name":"wp","href":"https:\/\/api.w.org\/{rel}","templated":true}]}}