{"id":760,"date":"2022-06-01T17:21:23","date_gmt":"2022-06-01T15:21:23","guid":{"rendered":"https:\/\/www.quincaillerie-lustrerie.be\/produit\/tirant-de-meuble-en-zamac-noirci\/"},"modified":"2022-06-06T00:08:38","modified_gmt":"2022-06-05T22:08:38","slug":"tirant-de-meuble-en-zamak-noirci1","status":"publish","type":"product","link":"https:\/\/www.quincaillerie-lustrerie.be\/nl\/produit\/tirant-de-meuble-en-zamak-noirci1\/","title":{"rendered":"Tirant de meuble en zamak noirci"},"content":{"rendered":"<p>12,5 cm de hauteur hors tout<br \/>\n8,3  de largeur<br \/>\nEntraxe : axe central et une vis de c\u00f4t\u00e9 \u00e0 3cm<\/p>\n","protected":false},"excerpt":{"rendered":"<p>12,5 cm de hauteur hors tout<br \/>\n8,3  de largeur<br \/>\nEntraxe : axe central et une vis de c\u00f4t\u00e9 \u00e0 3cm<\/p>\n","protected":false},"featured_media":338,"template":"","meta":{"_acf_changed":false},"product_brand":[],"product_cat":[61],"product_tag":[],"class_list":{"0":"post-760","1":"product","2":"type-product","3":"status-publish","4":"has-post-thumbnail","6":"product_cat-tirants-nl","8":"first","9":"instock","10":"shipping-taxable","11":"purchasable","12":"product-type-simple"},"acf":[],"yoast_head":"<!-- This site is optimized with the Yoast SEO plugin v25.4 - https:\/\/yoast.com\/wordpress\/plugins\/seo\/ -->\n<title>Tirant de meuble en zamak noirci - Quincaillerie &amp; Lustrerie<\/title>\n<meta name=\"robots\" content=\"index, follow, max-snippet:-1, max-image-preview:large, max-video-preview:-1\" \/>\n<link rel=\"canonical\" href=\"https:\/\/www.quincaillerie-lustrerie.be\/nl\/produit\/tirant-de-meuble-en-zamak-noirci1\/\" \/>\n<meta property=\"og:locale\" content=\"nl_NL\" \/>\n<meta property=\"og:type\" content=\"article\" \/>\n<meta property=\"og:title\" content=\"Tirant de meuble en zamak noirci - Quincaillerie &amp; Lustrerie\" \/>\n<meta property=\"og:description\" content=\"12,5 cm de hauteur hors tout  8,3 de largeur Entraxe : axe central et une vis de c\u00f4t\u00e9 \u00e0 3cm\" \/>\n<meta property=\"og:url\" content=\"https:\/\/www.quincaillerie-lustrerie.be\/nl\/produit\/tirant-de-meuble-en-zamak-noirci1\/\" \/>\n<meta property=\"og:site_name\" content=\"Quincaillerie &amp; Lustrerie\" \/>\n<meta property=\"article:modified_time\" content=\"2022-06-05T22:08:38+00:00\" \/>\n<meta property=\"og:image\" content=\"https:\/\/www.quincaillerie-lustrerie.be\/wp-content\/uploads\/2022\/06\/3656E92F-5673-4826-A9AF-A7BA967310B3.jpeg\" \/>\n\t<meta property=\"og:image:width\" content=\"791\" \/>\n\t<meta property=\"og:image:height\" content=\"977\" \/>\n\t<meta property=\"og:image:type\" content=\"image\/jpeg\" \/>\n<meta name=\"twitter:card\" content=\"summary_large_image\" \/>\n<script type=\"application\/ld+json\" class=\"yoast-schema-graph\">{\"@context\":\"https:\/\/schema.org\",\"@graph\":[{\"@type\":\"WebPage\",\"@id\":\"https:\/\/www.quincaillerie-lustrerie.be\/nl\/produit\/tirant-de-meuble-en-zamak-noirci1\/\",\"url\":\"https:\/\/www.quincaillerie-lustrerie.be\/nl\/produit\/tirant-de-meuble-en-zamak-noirci1\/\",\"name\":\"Tirant de meuble en zamak noirci - Quincaillerie &amp; Lustrerie\",\"isPartOf\":{\"@id\":\"https:\/\/www.quincaillerie-lustrerie.be\/#website\"},\"primaryImageOfPage\":{\"@id\":\"https:\/\/www.quincaillerie-lustrerie.be\/nl\/produit\/tirant-de-meuble-en-zamak-noirci1\/#primaryimage\"},\"image\":{\"@id\":\"https:\/\/www.quincaillerie-lustrerie.be\/nl\/produit\/tirant-de-meuble-en-zamak-noirci1\/#primaryimage\"},\"thumbnailUrl\":\"https:\/\/www.quincaillerie-lustrerie.be\/wp-content\/uploads\/2022\/06\/3656E92F-5673-4826-A9AF-A7BA967310B3.jpeg\",\"datePublished\":\"2022-06-01T15:21:23+00:00\",\"dateModified\":\"2022-06-05T22:08:38+00:00\",\"breadcrumb\":{\"@id\":\"https:\/\/www.quincaillerie-lustrerie.be\/nl\/produit\/tirant-de-meuble-en-zamak-noirci1\/#breadcrumb\"},\"inLanguage\":\"nl-NL\",\"potentialAction\":[{\"@type\":\"ReadAction\",\"target\":[\"https:\/\/www.quincaillerie-lustrerie.be\/nl\/produit\/tirant-de-meuble-en-zamak-noirci1\/\"]}]},{\"@type\":\"ImageObject\",\"inLanguage\":\"nl-NL\",\"@id\":\"https:\/\/www.quincaillerie-lustrerie.be\/nl\/produit\/tirant-de-meuble-en-zamak-noirci1\/#primaryimage\",\"url\":\"https:\/\/www.quincaillerie-lustrerie.be\/wp-content\/uploads\/2022\/06\/3656E92F-5673-4826-A9AF-A7BA967310B3.jpeg\",\"contentUrl\":\"https:\/\/www.quincaillerie-lustrerie.be\/wp-content\/uploads\/2022\/06\/3656E92F-5673-4826-A9AF-A7BA967310B3.jpeg\",\"width\":791,\"height\":977},{\"@type\":\"BreadcrumbList\",\"@id\":\"https:\/\/www.quincaillerie-lustrerie.be\/nl\/produit\/tirant-de-meuble-en-zamak-noirci1\/#breadcrumb\",\"itemListElement\":[{\"@type\":\"ListItem\",\"position\":1,\"name\":\"Accueil\",\"item\":\"https:\/\/www.quincaillerie-lustrerie.be\/\"},{\"@type\":\"ListItem\",\"position\":2,\"name\":\"Tirant de meuble en zamak noirci\"}]},{\"@type\":\"WebSite\",\"@id\":\"https:\/\/www.quincaillerie-lustrerie.be\/#website\",\"url\":\"https:\/\/www.quincaillerie-lustrerie.be\/\",\"name\":\"Quincaillerie &amp; Lustrerie\",\"description\":\"Vintage et Antiques\",\"publisher\":{\"@id\":\"https:\/\/www.quincaillerie-lustrerie.be\/#\/schema\/person\/b803e421c0f01ae448438d407fee966a\"},\"potentialAction\":[{\"@type\":\"SearchAction\",\"target\":{\"@type\":\"EntryPoint\",\"urlTemplate\":\"https:\/\/www.quincaillerie-lustrerie.be\/?s={search_term_string}\"},\"query-input\":{\"@type\":\"PropertyValueSpecification\",\"valueRequired\":true,\"valueName\":\"search_term_string\"}}],\"inLanguage\":\"nl-NL\"},{\"@type\":[\"Person\",\"Organization\"],\"@id\":\"https:\/\/www.quincaillerie-lustrerie.be\/#\/schema\/person\/b803e421c0f01ae448438d407fee966a\",\"name\":\"adminquincaillerie\",\"image\":{\"@type\":\"ImageObject\",\"inLanguage\":\"nl-NL\",\"@id\":\"https:\/\/www.quincaillerie-lustrerie.be\/#\/schema\/person\/image\/\",\"url\":\"https:\/\/www.quincaillerie-lustrerie.be\/wp-content\/uploads\/2022\/05\/logo.png\",\"contentUrl\":\"https:\/\/www.quincaillerie-lustrerie.be\/wp-content\/uploads\/2022\/05\/logo.png\",\"width\":275,\"height\":130,\"caption\":\"adminquincaillerie\"},\"logo\":{\"@id\":\"https:\/\/www.quincaillerie-lustrerie.be\/#\/schema\/person\/image\/\"}}]}<\/script>\n<!-- \/ Yoast SEO plugin. -->","yoast_head_json":{"title":"Tirant de meuble en zamak noirci - Quincaillerie &amp; Lustrerie","robots":{"index":"index","follow":"follow","max-snippet":"max-snippet:-1","max-image-preview":"max-image-preview:large","max-video-preview":"max-video-preview:-1"},"canonical":"https:\/\/www.quincaillerie-lustrerie.be\/nl\/produit\/tirant-de-meuble-en-zamak-noirci1\/","og_locale":"nl_NL","og_type":"article","og_title":"Tirant de meuble en zamak noirci - Quincaillerie &amp; Lustrerie","og_description":"12,5 cm de hauteur hors tout  8,3 de largeur Entraxe : axe central et une vis de c\u00f4t\u00e9 \u00e0 3cm","og_url":"https:\/\/www.quincaillerie-lustrerie.be\/nl\/produit\/tirant-de-meuble-en-zamak-noirci1\/","og_site_name":"Quincaillerie &amp; Lustrerie","article_modified_time":"2022-06-05T22:08:38+00:00","og_image":[{"width":791,"height":977,"url":"https:\/\/www.quincaillerie-lustrerie.be\/wp-content\/uploads\/2022\/06\/3656E92F-5673-4826-A9AF-A7BA967310B3.jpeg","type":"image\/jpeg"}],"twitter_card":"summary_large_image","schema":{"@context":"https:\/\/schema.org","@graph":[{"@type":"WebPage","@id":"https:\/\/www.quincaillerie-lustrerie.be\/nl\/produit\/tirant-de-meuble-en-zamak-noirci1\/","url":"https:\/\/www.quincaillerie-lustrerie.be\/nl\/produit\/tirant-de-meuble-en-zamak-noirci1\/","name":"Tirant de meuble en zamak noirci - Quincaillerie &amp; Lustrerie","isPartOf":{"@id":"https:\/\/www.quincaillerie-lustrerie.be\/#website"},"primaryImageOfPage":{"@id":"https:\/\/www.quincaillerie-lustrerie.be\/nl\/produit\/tirant-de-meuble-en-zamak-noirci1\/#primaryimage"},"image":{"@id":"https:\/\/www.quincaillerie-lustrerie.be\/nl\/produit\/tirant-de-meuble-en-zamak-noirci1\/#primaryimage"},"thumbnailUrl":"https:\/\/www.quincaillerie-lustrerie.be\/wp-content\/uploads\/2022\/06\/3656E92F-5673-4826-A9AF-A7BA967310B3.jpeg","datePublished":"2022-06-01T15:21:23+00:00","dateModified":"2022-06-05T22:08:38+00:00","breadcrumb":{"@id":"https:\/\/www.quincaillerie-lustrerie.be\/nl\/produit\/tirant-de-meuble-en-zamak-noirci1\/#breadcrumb"},"inLanguage":"nl-NL","potentialAction":[{"@type":"ReadAction","target":["https:\/\/www.quincaillerie-lustrerie.be\/nl\/produit\/tirant-de-meuble-en-zamak-noirci1\/"]}]},{"@type":"ImageObject","inLanguage":"nl-NL","@id":"https:\/\/www.quincaillerie-lustrerie.be\/nl\/produit\/tirant-de-meuble-en-zamak-noirci1\/#primaryimage","url":"https:\/\/www.quincaillerie-lustrerie.be\/wp-content\/uploads\/2022\/06\/3656E92F-5673-4826-A9AF-A7BA967310B3.jpeg","contentUrl":"https:\/\/www.quincaillerie-lustrerie.be\/wp-content\/uploads\/2022\/06\/3656E92F-5673-4826-A9AF-A7BA967310B3.jpeg","width":791,"height":977},{"@type":"BreadcrumbList","@id":"https:\/\/www.quincaillerie-lustrerie.be\/nl\/produit\/tirant-de-meuble-en-zamak-noirci1\/#breadcrumb","itemListElement":[{"@type":"ListItem","position":1,"name":"Accueil","item":"https:\/\/www.quincaillerie-lustrerie.be\/"},{"@type":"ListItem","position":2,"name":"Tirant de meuble en zamak noirci"}]},{"@type":"WebSite","@id":"https:\/\/www.quincaillerie-lustrerie.be\/#website","url":"https:\/\/www.quincaillerie-lustrerie.be\/","name":"Quincaillerie &amp; Lustrerie","description":"Vintage et Antiques","publisher":{"@id":"https:\/\/www.quincaillerie-lustrerie.be\/#\/schema\/person\/b803e421c0f01ae448438d407fee966a"},"potentialAction":[{"@type":"SearchAction","target":{"@type":"EntryPoint","urlTemplate":"https:\/\/www.quincaillerie-lustrerie.be\/?s={search_term_string}"},"query-input":{"@type":"PropertyValueSpecification","valueRequired":true,"valueName":"search_term_string"}}],"inLanguage":"nl-NL"},{"@type":["Person","Organization"],"@id":"https:\/\/www.quincaillerie-lustrerie.be\/#\/schema\/person\/b803e421c0f01ae448438d407fee966a","name":"adminquincaillerie","image":{"@type":"ImageObject","inLanguage":"nl-NL","@id":"https:\/\/www.quincaillerie-lustrerie.be\/#\/schema\/person\/image\/","url":"https:\/\/www.quincaillerie-lustrerie.be\/wp-content\/uploads\/2022\/05\/logo.png","contentUrl":"https:\/\/www.quincaillerie-lustrerie.be\/wp-content\/uploads\/2022\/05\/logo.png","width":275,"height":130,"caption":"adminquincaillerie"},"logo":{"@id":"https:\/\/www.quincaillerie-lustrerie.be\/#\/schema\/person\/image\/"}}]}},"_links":{"self":[{"href":"https:\/\/www.quincaillerie-lustrerie.be\/nl\/wp-json\/wp\/v2\/product\/760","targetHints":{"allow":["GET"]}}],"collection":[{"href":"https:\/\/www.quincaillerie-lustrerie.be\/nl\/wp-json\/wp\/v2\/product"}],"about":[{"href":"https:\/\/www.quincaillerie-lustrerie.be\/nl\/wp-json\/wp\/v2\/types\/product"}],"wp:featuredmedia":[{"embeddable":true,"href":"https:\/\/www.quincaillerie-lustrerie.be\/nl\/wp-json\/wp\/v2\/media\/338"}],"wp:attachment":[{"href":"https:\/\/www.quincaillerie-lustrerie.be\/nl\/wp-json\/wp\/v2\/media?parent=760"}],"wp:term":[{"taxonomy":"product_brand","embeddable":true,"href":"https:\/\/www.quincaillerie-lustrerie.be\/nl\/wp-json\/wp\/v2\/product_brand?post=760"},{"taxonomy":"product_cat","embeddable":true,"href":"https:\/\/www.quincaillerie-lustrerie.be\/nl\/wp-json\/wp\/v2\/product_cat?post=760"},{"taxonomy":"product_tag","embeddable":true,"href":"https:\/\/www.quincaillerie-lustrerie.be\/nl\/wp-json\/wp\/v2\/product_tag?post=760"}],"curies":[{"name":"wp","href":"https:\/\/api.w.org\/{rel}","templated":true}]}}