{"id":600,"date":"2022-06-04T17:48:00","date_gmt":"2022-06-04T15:48:00","guid":{"rendered":"https:\/\/www.quincaillerie-lustrerie.be\/?post_type=product&#038;p=600"},"modified":"2022-06-04T17:48:16","modified_gmt":"2022-06-04T15:48:16","slug":"paire-de-poignees-avec-rosace-et-entree-de-serrure-en-fer-peint-en-noir","status":"publish","type":"product","link":"https:\/\/www.quincaillerie-lustrerie.be\/nl\/produit\/paire-de-poignees-avec-rosace-et-entree-de-serrure-en-fer-peint-en-noir\/","title":{"rendered":"Paire de poign\u00e9es avec rosace et entr\u00e9e de serrure en fer peint en noir"},"content":{"rendered":"<p>Axe de 0,8cm<br \/>\nLong. B\u00e9quille 11,5cm<br \/>\n\u00c9cart. Porte 5,3cm<br \/>\nDiam\u00e8tre de place hors tout : 5,5cm <\/p>\n","protected":false},"excerpt":{"rendered":"<p>Paire de poign\u00e9es, rosace et entr\u00e9e de serrure en fer peint en noir <\/p>\n","protected":false},"featured_media":603,"template":"","meta":{"_acf_changed":false},"product_brand":[],"product_cat":[63,68],"product_tag":[],"class_list":{"0":"post-600","1":"product","2":"type-product","3":"status-publish","4":"has-post-thumbnail","6":"product_cat-quincaillerie-nl","7":"product_cat-poignees-de-portes-nl","9":"first","10":"instock","11":"shipping-taxable","12":"purchasable","13":"product-type-simple"},"acf":[],"yoast_head":"<!-- This site is optimized with the Yoast SEO plugin v25.4 - https:\/\/yoast.com\/wordpress\/plugins\/seo\/ -->\n<title>Paire de poign\u00e9es avec rosace et entr\u00e9e de serrure en fer peint en noir - Quincaillerie &amp; Lustrerie<\/title>\n<meta name=\"robots\" content=\"index, follow, max-snippet:-1, max-image-preview:large, max-video-preview:-1\" \/>\n<link rel=\"canonical\" href=\"https:\/\/www.quincaillerie-lustrerie.be\/nl\/produit\/paire-de-poignees-avec-rosace-et-entree-de-serrure-en-fer-peint-en-noir\/\" \/>\n<meta property=\"og:locale\" content=\"nl_NL\" \/>\n<meta property=\"og:type\" content=\"article\" \/>\n<meta property=\"og:title\" content=\"Paire de poign\u00e9es avec rosace et entr\u00e9e de serrure en fer peint en noir - Quincaillerie &amp; Lustrerie\" \/>\n<meta property=\"og:description\" content=\"Paire de poign\u00e9es, rosace et entr\u00e9e de serrure en fer peint en noir\" \/>\n<meta property=\"og:url\" content=\"https:\/\/www.quincaillerie-lustrerie.be\/nl\/produit\/paire-de-poignees-avec-rosace-et-entree-de-serrure-en-fer-peint-en-noir\/\" \/>\n<meta property=\"og:site_name\" content=\"Quincaillerie &amp; Lustrerie\" \/>\n<meta property=\"article:modified_time\" content=\"2022-06-04T15:48:16+00:00\" \/>\n<meta property=\"og:image\" content=\"https:\/\/www.quincaillerie-lustrerie.be\/wp-content\/uploads\/2022\/06\/0F8E8D4D-06B3-4C2A-B770-1C4F5303C935.jpeg\" \/>\n\t<meta property=\"og:image:width\" content=\"752\" \/>\n\t<meta property=\"og:image:height\" content=\"919\" \/>\n\t<meta property=\"og:image:type\" content=\"image\/jpeg\" \/>\n<meta name=\"twitter:card\" content=\"summary_large_image\" \/>\n<script type=\"application\/ld+json\" class=\"yoast-schema-graph\">{\"@context\":\"https:\/\/schema.org\",\"@graph\":[{\"@type\":\"WebPage\",\"@id\":\"https:\/\/www.quincaillerie-lustrerie.be\/nl\/produit\/paire-de-poignees-avec-rosace-et-entree-de-serrure-en-fer-peint-en-noir\/\",\"url\":\"https:\/\/www.quincaillerie-lustrerie.be\/nl\/produit\/paire-de-poignees-avec-rosace-et-entree-de-serrure-en-fer-peint-en-noir\/\",\"name\":\"Paire de poign\u00e9es avec rosace et entr\u00e9e de serrure en fer peint en noir - Quincaillerie &amp; Lustrerie\",\"isPartOf\":{\"@id\":\"https:\/\/www.quincaillerie-lustrerie.be\/#website\"},\"primaryImageOfPage\":{\"@id\":\"https:\/\/www.quincaillerie-lustrerie.be\/nl\/produit\/paire-de-poignees-avec-rosace-et-entree-de-serrure-en-fer-peint-en-noir\/#primaryimage\"},\"image\":{\"@id\":\"https:\/\/www.quincaillerie-lustrerie.be\/nl\/produit\/paire-de-poignees-avec-rosace-et-entree-de-serrure-en-fer-peint-en-noir\/#primaryimage\"},\"thumbnailUrl\":\"https:\/\/www.quincaillerie-lustrerie.be\/wp-content\/uploads\/2022\/06\/0F8E8D4D-06B3-4C2A-B770-1C4F5303C935.jpeg\",\"datePublished\":\"2022-06-04T15:48:00+00:00\",\"dateModified\":\"2022-06-04T15:48:16+00:00\",\"breadcrumb\":{\"@id\":\"https:\/\/www.quincaillerie-lustrerie.be\/nl\/produit\/paire-de-poignees-avec-rosace-et-entree-de-serrure-en-fer-peint-en-noir\/#breadcrumb\"},\"inLanguage\":\"nl-NL\",\"potentialAction\":[{\"@type\":\"ReadAction\",\"target\":[\"https:\/\/www.quincaillerie-lustrerie.be\/nl\/produit\/paire-de-poignees-avec-rosace-et-entree-de-serrure-en-fer-peint-en-noir\/\"]}]},{\"@type\":\"ImageObject\",\"inLanguage\":\"nl-NL\",\"@id\":\"https:\/\/www.quincaillerie-lustrerie.be\/nl\/produit\/paire-de-poignees-avec-rosace-et-entree-de-serrure-en-fer-peint-en-noir\/#primaryimage\",\"url\":\"https:\/\/www.quincaillerie-lustrerie.be\/wp-content\/uploads\/2022\/06\/0F8E8D4D-06B3-4C2A-B770-1C4F5303C935.jpeg\",\"contentUrl\":\"https:\/\/www.quincaillerie-lustrerie.be\/wp-content\/uploads\/2022\/06\/0F8E8D4D-06B3-4C2A-B770-1C4F5303C935.jpeg\",\"width\":752,\"height\":919},{\"@type\":\"BreadcrumbList\",\"@id\":\"https:\/\/www.quincaillerie-lustrerie.be\/nl\/produit\/paire-de-poignees-avec-rosace-et-entree-de-serrure-en-fer-peint-en-noir\/#breadcrumb\",\"itemListElement\":[{\"@type\":\"ListItem\",\"position\":1,\"name\":\"Accueil\",\"item\":\"https:\/\/www.quincaillerie-lustrerie.be\/\"},{\"@type\":\"ListItem\",\"position\":2,\"name\":\"Paire de poign\u00e9es avec rosace et entr\u00e9e de serrure en fer peint en noir\"}]},{\"@type\":\"WebSite\",\"@id\":\"https:\/\/www.quincaillerie-lustrerie.be\/#website\",\"url\":\"https:\/\/www.quincaillerie-lustrerie.be\/\",\"name\":\"Quincaillerie &amp; Lustrerie\",\"description\":\"Vintage et Antiques\",\"publisher\":{\"@id\":\"https:\/\/www.quincaillerie-lustrerie.be\/#\/schema\/person\/b803e421c0f01ae448438d407fee966a\"},\"potentialAction\":[{\"@type\":\"SearchAction\",\"target\":{\"@type\":\"EntryPoint\",\"urlTemplate\":\"https:\/\/www.quincaillerie-lustrerie.be\/?s={search_term_string}\"},\"query-input\":{\"@type\":\"PropertyValueSpecification\",\"valueRequired\":true,\"valueName\":\"search_term_string\"}}],\"inLanguage\":\"nl-NL\"},{\"@type\":[\"Person\",\"Organization\"],\"@id\":\"https:\/\/www.quincaillerie-lustrerie.be\/#\/schema\/person\/b803e421c0f01ae448438d407fee966a\",\"name\":\"adminquincaillerie\",\"image\":{\"@type\":\"ImageObject\",\"inLanguage\":\"nl-NL\",\"@id\":\"https:\/\/www.quincaillerie-lustrerie.be\/#\/schema\/person\/image\/\",\"url\":\"https:\/\/www.quincaillerie-lustrerie.be\/wp-content\/uploads\/2022\/05\/logo.png\",\"contentUrl\":\"https:\/\/www.quincaillerie-lustrerie.be\/wp-content\/uploads\/2022\/05\/logo.png\",\"width\":275,\"height\":130,\"caption\":\"adminquincaillerie\"},\"logo\":{\"@id\":\"https:\/\/www.quincaillerie-lustrerie.be\/#\/schema\/person\/image\/\"}}]}<\/script>\n<!-- \/ Yoast SEO plugin. -->","yoast_head_json":{"title":"Paire de poign\u00e9es avec rosace et entr\u00e9e de serrure en fer peint en noir - Quincaillerie &amp; Lustrerie","robots":{"index":"index","follow":"follow","max-snippet":"max-snippet:-1","max-image-preview":"max-image-preview:large","max-video-preview":"max-video-preview:-1"},"canonical":"https:\/\/www.quincaillerie-lustrerie.be\/nl\/produit\/paire-de-poignees-avec-rosace-et-entree-de-serrure-en-fer-peint-en-noir\/","og_locale":"nl_NL","og_type":"article","og_title":"Paire de poign\u00e9es avec rosace et entr\u00e9e de serrure en fer peint en noir - Quincaillerie &amp; Lustrerie","og_description":"Paire de poign\u00e9es, rosace et entr\u00e9e de serrure en fer peint en noir","og_url":"https:\/\/www.quincaillerie-lustrerie.be\/nl\/produit\/paire-de-poignees-avec-rosace-et-entree-de-serrure-en-fer-peint-en-noir\/","og_site_name":"Quincaillerie &amp; Lustrerie","article_modified_time":"2022-06-04T15:48:16+00:00","og_image":[{"width":752,"height":919,"url":"https:\/\/www.quincaillerie-lustrerie.be\/wp-content\/uploads\/2022\/06\/0F8E8D4D-06B3-4C2A-B770-1C4F5303C935.jpeg","type":"image\/jpeg"}],"twitter_card":"summary_large_image","schema":{"@context":"https:\/\/schema.org","@graph":[{"@type":"WebPage","@id":"https:\/\/www.quincaillerie-lustrerie.be\/nl\/produit\/paire-de-poignees-avec-rosace-et-entree-de-serrure-en-fer-peint-en-noir\/","url":"https:\/\/www.quincaillerie-lustrerie.be\/nl\/produit\/paire-de-poignees-avec-rosace-et-entree-de-serrure-en-fer-peint-en-noir\/","name":"Paire de poign\u00e9es avec rosace et entr\u00e9e de serrure en fer peint en noir - Quincaillerie &amp; Lustrerie","isPartOf":{"@id":"https:\/\/www.quincaillerie-lustrerie.be\/#website"},"primaryImageOfPage":{"@id":"https:\/\/www.quincaillerie-lustrerie.be\/nl\/produit\/paire-de-poignees-avec-rosace-et-entree-de-serrure-en-fer-peint-en-noir\/#primaryimage"},"image":{"@id":"https:\/\/www.quincaillerie-lustrerie.be\/nl\/produit\/paire-de-poignees-avec-rosace-et-entree-de-serrure-en-fer-peint-en-noir\/#primaryimage"},"thumbnailUrl":"https:\/\/www.quincaillerie-lustrerie.be\/wp-content\/uploads\/2022\/06\/0F8E8D4D-06B3-4C2A-B770-1C4F5303C935.jpeg","datePublished":"2022-06-04T15:48:00+00:00","dateModified":"2022-06-04T15:48:16+00:00","breadcrumb":{"@id":"https:\/\/www.quincaillerie-lustrerie.be\/nl\/produit\/paire-de-poignees-avec-rosace-et-entree-de-serrure-en-fer-peint-en-noir\/#breadcrumb"},"inLanguage":"nl-NL","potentialAction":[{"@type":"ReadAction","target":["https:\/\/www.quincaillerie-lustrerie.be\/nl\/produit\/paire-de-poignees-avec-rosace-et-entree-de-serrure-en-fer-peint-en-noir\/"]}]},{"@type":"ImageObject","inLanguage":"nl-NL","@id":"https:\/\/www.quincaillerie-lustrerie.be\/nl\/produit\/paire-de-poignees-avec-rosace-et-entree-de-serrure-en-fer-peint-en-noir\/#primaryimage","url":"https:\/\/www.quincaillerie-lustrerie.be\/wp-content\/uploads\/2022\/06\/0F8E8D4D-06B3-4C2A-B770-1C4F5303C935.jpeg","contentUrl":"https:\/\/www.quincaillerie-lustrerie.be\/wp-content\/uploads\/2022\/06\/0F8E8D4D-06B3-4C2A-B770-1C4F5303C935.jpeg","width":752,"height":919},{"@type":"BreadcrumbList","@id":"https:\/\/www.quincaillerie-lustrerie.be\/nl\/produit\/paire-de-poignees-avec-rosace-et-entree-de-serrure-en-fer-peint-en-noir\/#breadcrumb","itemListElement":[{"@type":"ListItem","position":1,"name":"Accueil","item":"https:\/\/www.quincaillerie-lustrerie.be\/"},{"@type":"ListItem","position":2,"name":"Paire de poign\u00e9es avec rosace et entr\u00e9e de serrure en fer peint en noir"}]},{"@type":"WebSite","@id":"https:\/\/www.quincaillerie-lustrerie.be\/#website","url":"https:\/\/www.quincaillerie-lustrerie.be\/","name":"Quincaillerie &amp; Lustrerie","description":"Vintage et Antiques","publisher":{"@id":"https:\/\/www.quincaillerie-lustrerie.be\/#\/schema\/person\/b803e421c0f01ae448438d407fee966a"},"potentialAction":[{"@type":"SearchAction","target":{"@type":"EntryPoint","urlTemplate":"https:\/\/www.quincaillerie-lustrerie.be\/?s={search_term_string}"},"query-input":{"@type":"PropertyValueSpecification","valueRequired":true,"valueName":"search_term_string"}}],"inLanguage":"nl-NL"},{"@type":["Person","Organization"],"@id":"https:\/\/www.quincaillerie-lustrerie.be\/#\/schema\/person\/b803e421c0f01ae448438d407fee966a","name":"adminquincaillerie","image":{"@type":"ImageObject","inLanguage":"nl-NL","@id":"https:\/\/www.quincaillerie-lustrerie.be\/#\/schema\/person\/image\/","url":"https:\/\/www.quincaillerie-lustrerie.be\/wp-content\/uploads\/2022\/05\/logo.png","contentUrl":"https:\/\/www.quincaillerie-lustrerie.be\/wp-content\/uploads\/2022\/05\/logo.png","width":275,"height":130,"caption":"adminquincaillerie"},"logo":{"@id":"https:\/\/www.quincaillerie-lustrerie.be\/#\/schema\/person\/image\/"}}]}},"_links":{"self":[{"href":"https:\/\/www.quincaillerie-lustrerie.be\/nl\/wp-json\/wp\/v2\/product\/600","targetHints":{"allow":["GET"]}}],"collection":[{"href":"https:\/\/www.quincaillerie-lustrerie.be\/nl\/wp-json\/wp\/v2\/product"}],"about":[{"href":"https:\/\/www.quincaillerie-lustrerie.be\/nl\/wp-json\/wp\/v2\/types\/product"}],"wp:featuredmedia":[{"embeddable":true,"href":"https:\/\/www.quincaillerie-lustrerie.be\/nl\/wp-json\/wp\/v2\/media\/603"}],"wp:attachment":[{"href":"https:\/\/www.quincaillerie-lustrerie.be\/nl\/wp-json\/wp\/v2\/media?parent=600"}],"wp:term":[{"taxonomy":"product_brand","embeddable":true,"href":"https:\/\/www.quincaillerie-lustrerie.be\/nl\/wp-json\/wp\/v2\/product_brand?post=600"},{"taxonomy":"product_cat","embeddable":true,"href":"https:\/\/www.quincaillerie-lustrerie.be\/nl\/wp-json\/wp\/v2\/product_cat?post=600"},{"taxonomy":"product_tag","embeddable":true,"href":"https:\/\/www.quincaillerie-lustrerie.be\/nl\/wp-json\/wp\/v2\/product_tag?post=600"}],"curies":[{"name":"wp","href":"https:\/\/api.w.org\/{rel}","templated":true}]}}