{"id":813,"date":"2022-06-07T18:53:37","date_gmt":"2022-06-07T16:53:37","guid":{"rendered":"https:\/\/www.quincaillerie-lustrerie.be\/?post_type=product&#038;p=813"},"modified":"2022-06-07T18:53:39","modified_gmt":"2022-06-07T16:53:39","slug":"poignee-de-meuble-old-style-en-fer-estampe-rouille-non-cire","status":"publish","type":"product","link":"https:\/\/www.quincaillerie-lustrerie.be\/en\/produit\/poignee-de-meuble-old-style-en-fer-estampe-rouille-non-cire\/","title":{"rendered":"Poign\u00e9e de meuble old style en fer estamp\u00e9 rouill\u00e9 non cir\u00e9"},"content":{"rendered":"<p>Hauteur hors tout de 11,4cm<br \/>\nLargeur hors tout de 4,5cm<br \/>\nFixation par 4 vis<\/p>\n","protected":false},"excerpt":{"rendered":"<p>Hauteur hors tout de 11,4cm Largeur hors tout de 4,5cm Fixation par 4 vis<\/p>\n","protected":false},"featured_media":816,"template":"","meta":{"_acf_changed":false},"product_brand":[],"product_cat":[59,64,62],"product_tag":[],"class_list":{"0":"post-813","1":"product","2":"type-product","3":"status-publish","4":"has-post-thumbnail","6":"product_cat-non-classe-en","7":"product_cat-quincaillerie-en","8":"product_cat-tirants-en","10":"first","11":"instock","12":"shipping-taxable","13":"purchasable","14":"product-type-simple"},"acf":[],"yoast_head":"<!-- This site is optimized with the Yoast SEO plugin v25.4 - https:\/\/yoast.com\/wordpress\/plugins\/seo\/ -->\n<title>Poign\u00e9e de meuble old style en fer estamp\u00e9 rouill\u00e9 non cir\u00e9 - Quincaillerie &amp; Lustrerie<\/title>\n<meta name=\"robots\" content=\"index, follow, max-snippet:-1, max-image-preview:large, max-video-preview:-1\" \/>\n<link rel=\"canonical\" href=\"https:\/\/www.quincaillerie-lustrerie.be\/en\/produit\/poignee-de-meuble-old-style-en-fer-estampe-rouille-non-cire\/\" \/>\n<meta property=\"og:locale\" content=\"en_US\" \/>\n<meta property=\"og:type\" content=\"article\" \/>\n<meta property=\"og:title\" content=\"Poign\u00e9e de meuble old style en fer estamp\u00e9 rouill\u00e9 non cir\u00e9 - Quincaillerie &amp; Lustrerie\" \/>\n<meta property=\"og:description\" content=\"Hauteur hors tout de 11,4cm Largeur hors tout de 4,5cm Fixation par 4 vis\" \/>\n<meta property=\"og:url\" content=\"https:\/\/www.quincaillerie-lustrerie.be\/en\/produit\/poignee-de-meuble-old-style-en-fer-estampe-rouille-non-cire\/\" \/>\n<meta property=\"og:site_name\" content=\"Quincaillerie &amp; Lustrerie\" \/>\n<meta property=\"article:modified_time\" content=\"2022-06-07T16:53:39+00:00\" \/>\n<meta property=\"og:image\" content=\"https:\/\/www.quincaillerie-lustrerie.be\/wp-content\/uploads\/2022\/06\/FC6FE1D0-0423-48C3-8C66-D6AA7B0690FE.jpeg\" \/>\n\t<meta property=\"og:image:width\" content=\"797\" \/>\n\t<meta property=\"og:image:height\" content=\"991\" \/>\n\t<meta property=\"og:image:type\" content=\"image\/jpeg\" \/>\n<meta name=\"twitter:card\" content=\"summary_large_image\" \/>\n<script type=\"application\/ld+json\" class=\"yoast-schema-graph\">{\"@context\":\"https:\/\/schema.org\",\"@graph\":[{\"@type\":\"WebPage\",\"@id\":\"https:\/\/www.quincaillerie-lustrerie.be\/en\/produit\/poignee-de-meuble-old-style-en-fer-estampe-rouille-non-cire\/\",\"url\":\"https:\/\/www.quincaillerie-lustrerie.be\/en\/produit\/poignee-de-meuble-old-style-en-fer-estampe-rouille-non-cire\/\",\"name\":\"Poign\u00e9e de meuble old style en fer estamp\u00e9 rouill\u00e9 non cir\u00e9 - Quincaillerie &amp; Lustrerie\",\"isPartOf\":{\"@id\":\"https:\/\/www.quincaillerie-lustrerie.be\/#website\"},\"primaryImageOfPage\":{\"@id\":\"https:\/\/www.quincaillerie-lustrerie.be\/en\/produit\/poignee-de-meuble-old-style-en-fer-estampe-rouille-non-cire\/#primaryimage\"},\"image\":{\"@id\":\"https:\/\/www.quincaillerie-lustrerie.be\/en\/produit\/poignee-de-meuble-old-style-en-fer-estampe-rouille-non-cire\/#primaryimage\"},\"thumbnailUrl\":\"https:\/\/www.quincaillerie-lustrerie.be\/wp-content\/uploads\/2022\/06\/FC6FE1D0-0423-48C3-8C66-D6AA7B0690FE.jpeg\",\"datePublished\":\"2022-06-07T16:53:37+00:00\",\"dateModified\":\"2022-06-07T16:53:39+00:00\",\"breadcrumb\":{\"@id\":\"https:\/\/www.quincaillerie-lustrerie.be\/en\/produit\/poignee-de-meuble-old-style-en-fer-estampe-rouille-non-cire\/#breadcrumb\"},\"inLanguage\":\"en-US\",\"potentialAction\":[{\"@type\":\"ReadAction\",\"target\":[\"https:\/\/www.quincaillerie-lustrerie.be\/en\/produit\/poignee-de-meuble-old-style-en-fer-estampe-rouille-non-cire\/\"]}]},{\"@type\":\"ImageObject\",\"inLanguage\":\"en-US\",\"@id\":\"https:\/\/www.quincaillerie-lustrerie.be\/en\/produit\/poignee-de-meuble-old-style-en-fer-estampe-rouille-non-cire\/#primaryimage\",\"url\":\"https:\/\/www.quincaillerie-lustrerie.be\/wp-content\/uploads\/2022\/06\/FC6FE1D0-0423-48C3-8C66-D6AA7B0690FE.jpeg\",\"contentUrl\":\"https:\/\/www.quincaillerie-lustrerie.be\/wp-content\/uploads\/2022\/06\/FC6FE1D0-0423-48C3-8C66-D6AA7B0690FE.jpeg\",\"width\":797,\"height\":991},{\"@type\":\"BreadcrumbList\",\"@id\":\"https:\/\/www.quincaillerie-lustrerie.be\/en\/produit\/poignee-de-meuble-old-style-en-fer-estampe-rouille-non-cire\/#breadcrumb\",\"itemListElement\":[{\"@type\":\"ListItem\",\"position\":1,\"name\":\"Accueil\",\"item\":\"https:\/\/www.quincaillerie-lustrerie.be\/\"},{\"@type\":\"ListItem\",\"position\":2,\"name\":\"Poign\u00e9e de meuble old style en fer estamp\u00e9 rouill\u00e9 non cir\u00e9\"}]},{\"@type\":\"WebSite\",\"@id\":\"https:\/\/www.quincaillerie-lustrerie.be\/#website\",\"url\":\"https:\/\/www.quincaillerie-lustrerie.be\/\",\"name\":\"Quincaillerie &amp; Lustrerie\",\"description\":\"Vintage et Antiques\",\"publisher\":{\"@id\":\"https:\/\/www.quincaillerie-lustrerie.be\/#\/schema\/person\/b803e421c0f01ae448438d407fee966a\"},\"potentialAction\":[{\"@type\":\"SearchAction\",\"target\":{\"@type\":\"EntryPoint\",\"urlTemplate\":\"https:\/\/www.quincaillerie-lustrerie.be\/?s={search_term_string}\"},\"query-input\":{\"@type\":\"PropertyValueSpecification\",\"valueRequired\":true,\"valueName\":\"search_term_string\"}}],\"inLanguage\":\"en-US\"},{\"@type\":[\"Person\",\"Organization\"],\"@id\":\"https:\/\/www.quincaillerie-lustrerie.be\/#\/schema\/person\/b803e421c0f01ae448438d407fee966a\",\"name\":\"adminquincaillerie\",\"image\":{\"@type\":\"ImageObject\",\"inLanguage\":\"en-US\",\"@id\":\"https:\/\/www.quincaillerie-lustrerie.be\/#\/schema\/person\/image\/\",\"url\":\"https:\/\/www.quincaillerie-lustrerie.be\/wp-content\/uploads\/2022\/05\/logo.png\",\"contentUrl\":\"https:\/\/www.quincaillerie-lustrerie.be\/wp-content\/uploads\/2022\/05\/logo.png\",\"width\":275,\"height\":130,\"caption\":\"adminquincaillerie\"},\"logo\":{\"@id\":\"https:\/\/www.quincaillerie-lustrerie.be\/#\/schema\/person\/image\/\"}}]}<\/script>\n<!-- \/ Yoast SEO plugin. -->","yoast_head_json":{"title":"Poign\u00e9e de meuble old style en fer estamp\u00e9 rouill\u00e9 non cir\u00e9 - Quincaillerie &amp; Lustrerie","robots":{"index":"index","follow":"follow","max-snippet":"max-snippet:-1","max-image-preview":"max-image-preview:large","max-video-preview":"max-video-preview:-1"},"canonical":"https:\/\/www.quincaillerie-lustrerie.be\/en\/produit\/poignee-de-meuble-old-style-en-fer-estampe-rouille-non-cire\/","og_locale":"en_US","og_type":"article","og_title":"Poign\u00e9e de meuble old style en fer estamp\u00e9 rouill\u00e9 non cir\u00e9 - Quincaillerie &amp; Lustrerie","og_description":"Hauteur hors tout de 11,4cm Largeur hors tout de 4,5cm Fixation par 4 vis","og_url":"https:\/\/www.quincaillerie-lustrerie.be\/en\/produit\/poignee-de-meuble-old-style-en-fer-estampe-rouille-non-cire\/","og_site_name":"Quincaillerie &amp; Lustrerie","article_modified_time":"2022-06-07T16:53:39+00:00","og_image":[{"width":797,"height":991,"url":"https:\/\/www.quincaillerie-lustrerie.be\/wp-content\/uploads\/2022\/06\/FC6FE1D0-0423-48C3-8C66-D6AA7B0690FE.jpeg","type":"image\/jpeg"}],"twitter_card":"summary_large_image","schema":{"@context":"https:\/\/schema.org","@graph":[{"@type":"WebPage","@id":"https:\/\/www.quincaillerie-lustrerie.be\/en\/produit\/poignee-de-meuble-old-style-en-fer-estampe-rouille-non-cire\/","url":"https:\/\/www.quincaillerie-lustrerie.be\/en\/produit\/poignee-de-meuble-old-style-en-fer-estampe-rouille-non-cire\/","name":"Poign\u00e9e de meuble old style en fer estamp\u00e9 rouill\u00e9 non cir\u00e9 - Quincaillerie &amp; Lustrerie","isPartOf":{"@id":"https:\/\/www.quincaillerie-lustrerie.be\/#website"},"primaryImageOfPage":{"@id":"https:\/\/www.quincaillerie-lustrerie.be\/en\/produit\/poignee-de-meuble-old-style-en-fer-estampe-rouille-non-cire\/#primaryimage"},"image":{"@id":"https:\/\/www.quincaillerie-lustrerie.be\/en\/produit\/poignee-de-meuble-old-style-en-fer-estampe-rouille-non-cire\/#primaryimage"},"thumbnailUrl":"https:\/\/www.quincaillerie-lustrerie.be\/wp-content\/uploads\/2022\/06\/FC6FE1D0-0423-48C3-8C66-D6AA7B0690FE.jpeg","datePublished":"2022-06-07T16:53:37+00:00","dateModified":"2022-06-07T16:53:39+00:00","breadcrumb":{"@id":"https:\/\/www.quincaillerie-lustrerie.be\/en\/produit\/poignee-de-meuble-old-style-en-fer-estampe-rouille-non-cire\/#breadcrumb"},"inLanguage":"en-US","potentialAction":[{"@type":"ReadAction","target":["https:\/\/www.quincaillerie-lustrerie.be\/en\/produit\/poignee-de-meuble-old-style-en-fer-estampe-rouille-non-cire\/"]}]},{"@type":"ImageObject","inLanguage":"en-US","@id":"https:\/\/www.quincaillerie-lustrerie.be\/en\/produit\/poignee-de-meuble-old-style-en-fer-estampe-rouille-non-cire\/#primaryimage","url":"https:\/\/www.quincaillerie-lustrerie.be\/wp-content\/uploads\/2022\/06\/FC6FE1D0-0423-48C3-8C66-D6AA7B0690FE.jpeg","contentUrl":"https:\/\/www.quincaillerie-lustrerie.be\/wp-content\/uploads\/2022\/06\/FC6FE1D0-0423-48C3-8C66-D6AA7B0690FE.jpeg","width":797,"height":991},{"@type":"BreadcrumbList","@id":"https:\/\/www.quincaillerie-lustrerie.be\/en\/produit\/poignee-de-meuble-old-style-en-fer-estampe-rouille-non-cire\/#breadcrumb","itemListElement":[{"@type":"ListItem","position":1,"name":"Accueil","item":"https:\/\/www.quincaillerie-lustrerie.be\/"},{"@type":"ListItem","position":2,"name":"Poign\u00e9e de meuble old style en fer estamp\u00e9 rouill\u00e9 non cir\u00e9"}]},{"@type":"WebSite","@id":"https:\/\/www.quincaillerie-lustrerie.be\/#website","url":"https:\/\/www.quincaillerie-lustrerie.be\/","name":"Quincaillerie &amp; Lustrerie","description":"Vintage et Antiques","publisher":{"@id":"https:\/\/www.quincaillerie-lustrerie.be\/#\/schema\/person\/b803e421c0f01ae448438d407fee966a"},"potentialAction":[{"@type":"SearchAction","target":{"@type":"EntryPoint","urlTemplate":"https:\/\/www.quincaillerie-lustrerie.be\/?s={search_term_string}"},"query-input":{"@type":"PropertyValueSpecification","valueRequired":true,"valueName":"search_term_string"}}],"inLanguage":"en-US"},{"@type":["Person","Organization"],"@id":"https:\/\/www.quincaillerie-lustrerie.be\/#\/schema\/person\/b803e421c0f01ae448438d407fee966a","name":"adminquincaillerie","image":{"@type":"ImageObject","inLanguage":"en-US","@id":"https:\/\/www.quincaillerie-lustrerie.be\/#\/schema\/person\/image\/","url":"https:\/\/www.quincaillerie-lustrerie.be\/wp-content\/uploads\/2022\/05\/logo.png","contentUrl":"https:\/\/www.quincaillerie-lustrerie.be\/wp-content\/uploads\/2022\/05\/logo.png","width":275,"height":130,"caption":"adminquincaillerie"},"logo":{"@id":"https:\/\/www.quincaillerie-lustrerie.be\/#\/schema\/person\/image\/"}}]}},"_links":{"self":[{"href":"https:\/\/www.quincaillerie-lustrerie.be\/en\/wp-json\/wp\/v2\/product\/813","targetHints":{"allow":["GET"]}}],"collection":[{"href":"https:\/\/www.quincaillerie-lustrerie.be\/en\/wp-json\/wp\/v2\/product"}],"about":[{"href":"https:\/\/www.quincaillerie-lustrerie.be\/en\/wp-json\/wp\/v2\/types\/product"}],"wp:featuredmedia":[{"embeddable":true,"href":"https:\/\/www.quincaillerie-lustrerie.be\/en\/wp-json\/wp\/v2\/media\/816"}],"wp:attachment":[{"href":"https:\/\/www.quincaillerie-lustrerie.be\/en\/wp-json\/wp\/v2\/media?parent=813"}],"wp:term":[{"taxonomy":"product_brand","embeddable":true,"href":"https:\/\/www.quincaillerie-lustrerie.be\/en\/wp-json\/wp\/v2\/product_brand?post=813"},{"taxonomy":"product_cat","embeddable":true,"href":"https:\/\/www.quincaillerie-lustrerie.be\/en\/wp-json\/wp\/v2\/product_cat?post=813"},{"taxonomy":"product_tag","embeddable":true,"href":"https:\/\/www.quincaillerie-lustrerie.be\/en\/wp-json\/wp\/v2\/product_tag?post=813"}],"curies":[{"name":"wp","href":"https:\/\/api.w.org\/{rel}","templated":true}]}}