{"id":807,"date":"2022-06-07T18:46:48","date_gmt":"2022-06-07T16:46:48","guid":{"rendered":"https:\/\/www.quincaillerie-lustrerie.be\/produit\/entree-de-serrure-de-meuble\/"},"modified":"2022-06-07T18:49:32","modified_gmt":"2022-06-07T16:49:32","slug":"entree-de-serrure-de-meuble","status":"publish","type":"product","link":"https:\/\/www.quincaillerie-lustrerie.be\/en\/produit\/entree-de-serrure-de-meuble\/","title":{"rendered":"Entr\u00e9e de serrure avec tirant en laiton estamp\u00e9 poli"},"content":{"rendered":"<p>Largeur hors tout de 11,4cm<br \/>\nHauteur hors tout de 4,5cm<br \/>\nTrou de cl\u00e9 de 1,5cm<br \/>\nFixation par 4 vis<\/p>\n","protected":false},"excerpt":{"rendered":"<p>Entr\u00e9e de serrure de meuble avec tirant en laiton poli estamp\u00e9<\/p>\n","protected":false},"featured_media":810,"template":"","meta":{"_acf_changed":false},"product_brand":[],"product_cat":[64,77,62],"product_tag":[],"class_list":{"0":"post-807","1":"product","2":"type-product","3":"status-publish","4":"has-post-thumbnail","6":"product_cat-quincaillerie-en","7":"product_cat-entree-de-serrure-en","8":"product_cat-tirants-en","10":"first","11":"instock","12":"shipping-taxable","13":"purchasable","14":"product-type-simple"},"acf":[],"yoast_head":"<!-- This site is optimized with the Yoast SEO plugin v25.4 - https:\/\/yoast.com\/wordpress\/plugins\/seo\/ -->\n<title>Entr\u00e9e de serrure avec tirant en laiton estamp\u00e9 poli - Quincaillerie &amp; Lustrerie<\/title>\n<meta name=\"description\" content=\"Entr\u00e9e de serrure de meuble avec tirant en laiton poli estamp\u00e9\" \/>\n<meta name=\"robots\" content=\"index, follow, max-snippet:-1, max-image-preview:large, max-video-preview:-1\" \/>\n<link rel=\"canonical\" href=\"https:\/\/www.quincaillerie-lustrerie.be\/en\/produit\/entree-de-serrure-de-meuble\/\" \/>\n<meta property=\"og:locale\" content=\"en_US\" \/>\n<meta property=\"og:type\" content=\"article\" \/>\n<meta property=\"og:title\" content=\"Entr\u00e9e de serrure avec tirant en laiton estamp\u00e9 poli - Quincaillerie &amp; Lustrerie\" \/>\n<meta property=\"og:description\" content=\"Entr\u00e9e de serrure de meuble avec tirant en laiton poli estamp\u00e9\" \/>\n<meta property=\"og:url\" content=\"https:\/\/www.quincaillerie-lustrerie.be\/en\/produit\/entree-de-serrure-de-meuble\/\" \/>\n<meta property=\"og:site_name\" content=\"Quincaillerie &amp; Lustrerie\" \/>\n<meta property=\"article:modified_time\" content=\"2022-06-07T16:49:32+00:00\" \/>\n<meta property=\"og:image\" content=\"https:\/\/www.quincaillerie-lustrerie.be\/wp-content\/uploads\/2022\/06\/3ADF2FB4-FDF6-4D7B-BA8B-D313EC433CDE.jpeg\" \/>\n\t<meta property=\"og:image:width\" content=\"795\" \/>\n\t<meta property=\"og:image:height\" content=\"963\" \/>\n\t<meta property=\"og:image:type\" content=\"image\/jpeg\" \/>\n<meta name=\"twitter:card\" content=\"summary_large_image\" \/>\n<script type=\"application\/ld+json\" class=\"yoast-schema-graph\">{\"@context\":\"https:\/\/schema.org\",\"@graph\":[{\"@type\":\"WebPage\",\"@id\":\"https:\/\/www.quincaillerie-lustrerie.be\/en\/produit\/entree-de-serrure-de-meuble\/\",\"url\":\"https:\/\/www.quincaillerie-lustrerie.be\/en\/produit\/entree-de-serrure-de-meuble\/\",\"name\":\"Entr\u00e9e de serrure avec tirant en laiton estamp\u00e9 poli - Quincaillerie &amp; Lustrerie\",\"isPartOf\":{\"@id\":\"https:\/\/www.quincaillerie-lustrerie.be\/#website\"},\"primaryImageOfPage\":{\"@id\":\"https:\/\/www.quincaillerie-lustrerie.be\/en\/produit\/entree-de-serrure-de-meuble\/#primaryimage\"},\"image\":{\"@id\":\"https:\/\/www.quincaillerie-lustrerie.be\/en\/produit\/entree-de-serrure-de-meuble\/#primaryimage\"},\"thumbnailUrl\":\"https:\/\/www.quincaillerie-lustrerie.be\/wp-content\/uploads\/2022\/06\/3ADF2FB4-FDF6-4D7B-BA8B-D313EC433CDE.jpeg\",\"datePublished\":\"2022-06-07T16:46:48+00:00\",\"dateModified\":\"2022-06-07T16:49:32+00:00\",\"description\":\"Entr\u00e9e de serrure de meuble avec tirant en laiton poli estamp\u00e9\",\"breadcrumb\":{\"@id\":\"https:\/\/www.quincaillerie-lustrerie.be\/en\/produit\/entree-de-serrure-de-meuble\/#breadcrumb\"},\"inLanguage\":\"en-US\",\"potentialAction\":[{\"@type\":\"ReadAction\",\"target\":[\"https:\/\/www.quincaillerie-lustrerie.be\/en\/produit\/entree-de-serrure-de-meuble\/\"]}]},{\"@type\":\"ImageObject\",\"inLanguage\":\"en-US\",\"@id\":\"https:\/\/www.quincaillerie-lustrerie.be\/en\/produit\/entree-de-serrure-de-meuble\/#primaryimage\",\"url\":\"https:\/\/www.quincaillerie-lustrerie.be\/wp-content\/uploads\/2022\/06\/3ADF2FB4-FDF6-4D7B-BA8B-D313EC433CDE.jpeg\",\"contentUrl\":\"https:\/\/www.quincaillerie-lustrerie.be\/wp-content\/uploads\/2022\/06\/3ADF2FB4-FDF6-4D7B-BA8B-D313EC433CDE.jpeg\",\"width\":795,\"height\":963},{\"@type\":\"BreadcrumbList\",\"@id\":\"https:\/\/www.quincaillerie-lustrerie.be\/en\/produit\/entree-de-serrure-de-meuble\/#breadcrumb\",\"itemListElement\":[{\"@type\":\"ListItem\",\"position\":1,\"name\":\"Accueil\",\"item\":\"https:\/\/www.quincaillerie-lustrerie.be\/\"},{\"@type\":\"ListItem\",\"position\":2,\"name\":\"Entr\u00e9e de serrure avec tirant en laiton estamp\u00e9 poli\"}]},{\"@type\":\"WebSite\",\"@id\":\"https:\/\/www.quincaillerie-lustrerie.be\/#website\",\"url\":\"https:\/\/www.quincaillerie-lustrerie.be\/\",\"name\":\"Quincaillerie &amp; Lustrerie\",\"description\":\"Vintage et Antiques\",\"publisher\":{\"@id\":\"https:\/\/www.quincaillerie-lustrerie.be\/#\/schema\/person\/b803e421c0f01ae448438d407fee966a\"},\"potentialAction\":[{\"@type\":\"SearchAction\",\"target\":{\"@type\":\"EntryPoint\",\"urlTemplate\":\"https:\/\/www.quincaillerie-lustrerie.be\/?s={search_term_string}\"},\"query-input\":{\"@type\":\"PropertyValueSpecification\",\"valueRequired\":true,\"valueName\":\"search_term_string\"}}],\"inLanguage\":\"en-US\"},{\"@type\":[\"Person\",\"Organization\"],\"@id\":\"https:\/\/www.quincaillerie-lustrerie.be\/#\/schema\/person\/b803e421c0f01ae448438d407fee966a\",\"name\":\"adminquincaillerie\",\"image\":{\"@type\":\"ImageObject\",\"inLanguage\":\"en-US\",\"@id\":\"https:\/\/www.quincaillerie-lustrerie.be\/#\/schema\/person\/image\/\",\"url\":\"https:\/\/www.quincaillerie-lustrerie.be\/wp-content\/uploads\/2022\/05\/logo.png\",\"contentUrl\":\"https:\/\/www.quincaillerie-lustrerie.be\/wp-content\/uploads\/2022\/05\/logo.png\",\"width\":275,\"height\":130,\"caption\":\"adminquincaillerie\"},\"logo\":{\"@id\":\"https:\/\/www.quincaillerie-lustrerie.be\/#\/schema\/person\/image\/\"}}]}<\/script>\n<!-- \/ Yoast SEO plugin. -->","yoast_head_json":{"title":"Entr\u00e9e de serrure avec tirant en laiton estamp\u00e9 poli - Quincaillerie &amp; Lustrerie","description":"Entr\u00e9e de serrure de meuble avec tirant en laiton poli estamp\u00e9","robots":{"index":"index","follow":"follow","max-snippet":"max-snippet:-1","max-image-preview":"max-image-preview:large","max-video-preview":"max-video-preview:-1"},"canonical":"https:\/\/www.quincaillerie-lustrerie.be\/en\/produit\/entree-de-serrure-de-meuble\/","og_locale":"en_US","og_type":"article","og_title":"Entr\u00e9e de serrure avec tirant en laiton estamp\u00e9 poli - Quincaillerie &amp; Lustrerie","og_description":"Entr\u00e9e de serrure de meuble avec tirant en laiton poli estamp\u00e9","og_url":"https:\/\/www.quincaillerie-lustrerie.be\/en\/produit\/entree-de-serrure-de-meuble\/","og_site_name":"Quincaillerie &amp; Lustrerie","article_modified_time":"2022-06-07T16:49:32+00:00","og_image":[{"width":795,"height":963,"url":"https:\/\/www.quincaillerie-lustrerie.be\/wp-content\/uploads\/2022\/06\/3ADF2FB4-FDF6-4D7B-BA8B-D313EC433CDE.jpeg","type":"image\/jpeg"}],"twitter_card":"summary_large_image","schema":{"@context":"https:\/\/schema.org","@graph":[{"@type":"WebPage","@id":"https:\/\/www.quincaillerie-lustrerie.be\/en\/produit\/entree-de-serrure-de-meuble\/","url":"https:\/\/www.quincaillerie-lustrerie.be\/en\/produit\/entree-de-serrure-de-meuble\/","name":"Entr\u00e9e de serrure avec tirant en laiton estamp\u00e9 poli - Quincaillerie &amp; Lustrerie","isPartOf":{"@id":"https:\/\/www.quincaillerie-lustrerie.be\/#website"},"primaryImageOfPage":{"@id":"https:\/\/www.quincaillerie-lustrerie.be\/en\/produit\/entree-de-serrure-de-meuble\/#primaryimage"},"image":{"@id":"https:\/\/www.quincaillerie-lustrerie.be\/en\/produit\/entree-de-serrure-de-meuble\/#primaryimage"},"thumbnailUrl":"https:\/\/www.quincaillerie-lustrerie.be\/wp-content\/uploads\/2022\/06\/3ADF2FB4-FDF6-4D7B-BA8B-D313EC433CDE.jpeg","datePublished":"2022-06-07T16:46:48+00:00","dateModified":"2022-06-07T16:49:32+00:00","description":"Entr\u00e9e de serrure de meuble avec tirant en laiton poli estamp\u00e9","breadcrumb":{"@id":"https:\/\/www.quincaillerie-lustrerie.be\/en\/produit\/entree-de-serrure-de-meuble\/#breadcrumb"},"inLanguage":"en-US","potentialAction":[{"@type":"ReadAction","target":["https:\/\/www.quincaillerie-lustrerie.be\/en\/produit\/entree-de-serrure-de-meuble\/"]}]},{"@type":"ImageObject","inLanguage":"en-US","@id":"https:\/\/www.quincaillerie-lustrerie.be\/en\/produit\/entree-de-serrure-de-meuble\/#primaryimage","url":"https:\/\/www.quincaillerie-lustrerie.be\/wp-content\/uploads\/2022\/06\/3ADF2FB4-FDF6-4D7B-BA8B-D313EC433CDE.jpeg","contentUrl":"https:\/\/www.quincaillerie-lustrerie.be\/wp-content\/uploads\/2022\/06\/3ADF2FB4-FDF6-4D7B-BA8B-D313EC433CDE.jpeg","width":795,"height":963},{"@type":"BreadcrumbList","@id":"https:\/\/www.quincaillerie-lustrerie.be\/en\/produit\/entree-de-serrure-de-meuble\/#breadcrumb","itemListElement":[{"@type":"ListItem","position":1,"name":"Accueil","item":"https:\/\/www.quincaillerie-lustrerie.be\/"},{"@type":"ListItem","position":2,"name":"Entr\u00e9e de serrure avec tirant en laiton estamp\u00e9 poli"}]},{"@type":"WebSite","@id":"https:\/\/www.quincaillerie-lustrerie.be\/#website","url":"https:\/\/www.quincaillerie-lustrerie.be\/","name":"Quincaillerie &amp; Lustrerie","description":"Vintage et Antiques","publisher":{"@id":"https:\/\/www.quincaillerie-lustrerie.be\/#\/schema\/person\/b803e421c0f01ae448438d407fee966a"},"potentialAction":[{"@type":"SearchAction","target":{"@type":"EntryPoint","urlTemplate":"https:\/\/www.quincaillerie-lustrerie.be\/?s={search_term_string}"},"query-input":{"@type":"PropertyValueSpecification","valueRequired":true,"valueName":"search_term_string"}}],"inLanguage":"en-US"},{"@type":["Person","Organization"],"@id":"https:\/\/www.quincaillerie-lustrerie.be\/#\/schema\/person\/b803e421c0f01ae448438d407fee966a","name":"adminquincaillerie","image":{"@type":"ImageObject","inLanguage":"en-US","@id":"https:\/\/www.quincaillerie-lustrerie.be\/#\/schema\/person\/image\/","url":"https:\/\/www.quincaillerie-lustrerie.be\/wp-content\/uploads\/2022\/05\/logo.png","contentUrl":"https:\/\/www.quincaillerie-lustrerie.be\/wp-content\/uploads\/2022\/05\/logo.png","width":275,"height":130,"caption":"adminquincaillerie"},"logo":{"@id":"https:\/\/www.quincaillerie-lustrerie.be\/#\/schema\/person\/image\/"}}]}},"_links":{"self":[{"href":"https:\/\/www.quincaillerie-lustrerie.be\/en\/wp-json\/wp\/v2\/product\/807","targetHints":{"allow":["GET"]}}],"collection":[{"href":"https:\/\/www.quincaillerie-lustrerie.be\/en\/wp-json\/wp\/v2\/product"}],"about":[{"href":"https:\/\/www.quincaillerie-lustrerie.be\/en\/wp-json\/wp\/v2\/types\/product"}],"wp:featuredmedia":[{"embeddable":true,"href":"https:\/\/www.quincaillerie-lustrerie.be\/en\/wp-json\/wp\/v2\/media\/810"}],"wp:attachment":[{"href":"https:\/\/www.quincaillerie-lustrerie.be\/en\/wp-json\/wp\/v2\/media?parent=807"}],"wp:term":[{"taxonomy":"product_brand","embeddable":true,"href":"https:\/\/www.quincaillerie-lustrerie.be\/en\/wp-json\/wp\/v2\/product_brand?post=807"},{"taxonomy":"product_cat","embeddable":true,"href":"https:\/\/www.quincaillerie-lustrerie.be\/en\/wp-json\/wp\/v2\/product_cat?post=807"},{"taxonomy":"product_tag","embeddable":true,"href":"https:\/\/www.quincaillerie-lustrerie.be\/en\/wp-json\/wp\/v2\/product_tag?post=807"}],"curies":[{"name":"wp","href":"https:\/\/api.w.org\/{rel}","templated":true}]}}