{"id":795,"date":"2022-06-07T18:21:49","date_gmt":"2022-06-07T16:21:49","guid":{"rendered":"https:\/\/www.quincaillerie-lustrerie.be\/produit\/entree-de-serrure-de-meuble-style-louis-xv-en-laiton-massif-legere-patine\/"},"modified":"2022-06-07T18:26:56","modified_gmt":"2022-06-07T16:26:56","slug":"entree-de-serrure-de-meuble-style-louis-xv-en-laiton-massif-legere-patine","status":"publish","type":"product","link":"https:\/\/www.quincaillerie-lustrerie.be\/en\/produit\/entree-de-serrure-de-meuble-style-louis-xv-en-laiton-massif-legere-patine\/","title":{"rendered":"Entr\u00e9e de serrure de meuble style Louis XV en laiton massif l\u00e9g\u00e8re patine"},"content":{"rendered":"<p>Largeur hors tout de 13cm<br \/>\nHauteur hors tout de 4,1cm<br \/>\nTrou de cl\u00e9 de 1,5cm<\/p>\n","protected":false},"excerpt":{"rendered":"<p>Entr\u00e9e de serrure de meuble style Louis XV en laiton massif l\u00e9g\u00e8re patine<\/p>\n","protected":false},"featured_media":801,"template":"","meta":{"_acf_changed":false},"product_brand":[],"product_cat":[64,77],"product_tag":[],"class_list":{"0":"post-795","1":"product","2":"type-product","3":"status-publish","4":"has-post-thumbnail","6":"product_cat-quincaillerie-en","7":"product_cat-entree-de-serrure-en","9":"first","10":"instock","11":"shipping-taxable","12":"purchasable","13":"product-type-simple"},"acf":[],"yoast_head":"<!-- This site is optimized with the Yoast SEO plugin v25.4 - https:\/\/yoast.com\/wordpress\/plugins\/seo\/ -->\n<title>Entr\u00e9e de serrure de meuble style Louis XV en laiton massif l\u00e9g\u00e8re patine - Quincaillerie &amp; Lustrerie<\/title>\n<meta name=\"robots\" content=\"index, follow, max-snippet:-1, max-image-preview:large, max-video-preview:-1\" \/>\n<link rel=\"canonical\" href=\"https:\/\/www.quincaillerie-lustrerie.be\/en\/produit\/entree-de-serrure-de-meuble-style-louis-xv-en-laiton-massif-legere-patine\/\" \/>\n<meta property=\"og:locale\" content=\"en_US\" \/>\n<meta property=\"og:type\" content=\"article\" \/>\n<meta property=\"og:title\" content=\"Entr\u00e9e de serrure de meuble style Louis XV en laiton massif l\u00e9g\u00e8re patine - Quincaillerie &amp; Lustrerie\" \/>\n<meta property=\"og:description\" content=\"Entr\u00e9e de serrure de meuble style Louis XV en laiton massif l\u00e9g\u00e8re patine\" \/>\n<meta property=\"og:url\" content=\"https:\/\/www.quincaillerie-lustrerie.be\/en\/produit\/entree-de-serrure-de-meuble-style-louis-xv-en-laiton-massif-legere-patine\/\" \/>\n<meta property=\"og:site_name\" content=\"Quincaillerie &amp; Lustrerie\" \/>\n<meta property=\"article:modified_time\" content=\"2022-06-07T16:26:56+00:00\" \/>\n<meta property=\"og:image\" content=\"https:\/\/www.quincaillerie-lustrerie.be\/wp-content\/uploads\/2022\/06\/4D94744A-385B-4042-8FDA-88C1A02174A5.jpeg\" \/>\n\t<meta property=\"og:image:width\" content=\"800\" \/>\n\t<meta property=\"og:image:height\" content=\"975\" \/>\n\t<meta property=\"og:image:type\" content=\"image\/jpeg\" \/>\n<meta name=\"twitter:card\" content=\"summary_large_image\" \/>\n<script type=\"application\/ld+json\" class=\"yoast-schema-graph\">{\"@context\":\"https:\/\/schema.org\",\"@graph\":[{\"@type\":\"WebPage\",\"@id\":\"https:\/\/www.quincaillerie-lustrerie.be\/en\/produit\/entree-de-serrure-de-meuble-style-louis-xv-en-laiton-massif-legere-patine\/\",\"url\":\"https:\/\/www.quincaillerie-lustrerie.be\/en\/produit\/entree-de-serrure-de-meuble-style-louis-xv-en-laiton-massif-legere-patine\/\",\"name\":\"Entr\u00e9e de serrure de meuble style Louis XV en laiton massif l\u00e9g\u00e8re patine - Quincaillerie &amp; Lustrerie\",\"isPartOf\":{\"@id\":\"https:\/\/www.quincaillerie-lustrerie.be\/#website\"},\"primaryImageOfPage\":{\"@id\":\"https:\/\/www.quincaillerie-lustrerie.be\/en\/produit\/entree-de-serrure-de-meuble-style-louis-xv-en-laiton-massif-legere-patine\/#primaryimage\"},\"image\":{\"@id\":\"https:\/\/www.quincaillerie-lustrerie.be\/en\/produit\/entree-de-serrure-de-meuble-style-louis-xv-en-laiton-massif-legere-patine\/#primaryimage\"},\"thumbnailUrl\":\"https:\/\/www.quincaillerie-lustrerie.be\/wp-content\/uploads\/2022\/06\/4D94744A-385B-4042-8FDA-88C1A02174A5.jpeg\",\"datePublished\":\"2022-06-07T16:21:49+00:00\",\"dateModified\":\"2022-06-07T16:26:56+00:00\",\"breadcrumb\":{\"@id\":\"https:\/\/www.quincaillerie-lustrerie.be\/en\/produit\/entree-de-serrure-de-meuble-style-louis-xv-en-laiton-massif-legere-patine\/#breadcrumb\"},\"inLanguage\":\"en-US\",\"potentialAction\":[{\"@type\":\"ReadAction\",\"target\":[\"https:\/\/www.quincaillerie-lustrerie.be\/en\/produit\/entree-de-serrure-de-meuble-style-louis-xv-en-laiton-massif-legere-patine\/\"]}]},{\"@type\":\"ImageObject\",\"inLanguage\":\"en-US\",\"@id\":\"https:\/\/www.quincaillerie-lustrerie.be\/en\/produit\/entree-de-serrure-de-meuble-style-louis-xv-en-laiton-massif-legere-patine\/#primaryimage\",\"url\":\"https:\/\/www.quincaillerie-lustrerie.be\/wp-content\/uploads\/2022\/06\/4D94744A-385B-4042-8FDA-88C1A02174A5.jpeg\",\"contentUrl\":\"https:\/\/www.quincaillerie-lustrerie.be\/wp-content\/uploads\/2022\/06\/4D94744A-385B-4042-8FDA-88C1A02174A5.jpeg\",\"width\":800,\"height\":975},{\"@type\":\"BreadcrumbList\",\"@id\":\"https:\/\/www.quincaillerie-lustrerie.be\/en\/produit\/entree-de-serrure-de-meuble-style-louis-xv-en-laiton-massif-legere-patine\/#breadcrumb\",\"itemListElement\":[{\"@type\":\"ListItem\",\"position\":1,\"name\":\"Accueil\",\"item\":\"https:\/\/www.quincaillerie-lustrerie.be\/\"},{\"@type\":\"ListItem\",\"position\":2,\"name\":\"Entr\u00e9e de serrure de meuble style Louis XV en laiton massif l\u00e9g\u00e8re patine\"}]},{\"@type\":\"WebSite\",\"@id\":\"https:\/\/www.quincaillerie-lustrerie.be\/#website\",\"url\":\"https:\/\/www.quincaillerie-lustrerie.be\/\",\"name\":\"Quincaillerie &amp; Lustrerie\",\"description\":\"Vintage et Antiques\",\"publisher\":{\"@id\":\"https:\/\/www.quincaillerie-lustrerie.be\/#\/schema\/person\/b803e421c0f01ae448438d407fee966a\"},\"potentialAction\":[{\"@type\":\"SearchAction\",\"target\":{\"@type\":\"EntryPoint\",\"urlTemplate\":\"https:\/\/www.quincaillerie-lustrerie.be\/?s={search_term_string}\"},\"query-input\":{\"@type\":\"PropertyValueSpecification\",\"valueRequired\":true,\"valueName\":\"search_term_string\"}}],\"inLanguage\":\"en-US\"},{\"@type\":[\"Person\",\"Organization\"],\"@id\":\"https:\/\/www.quincaillerie-lustrerie.be\/#\/schema\/person\/b803e421c0f01ae448438d407fee966a\",\"name\":\"adminquincaillerie\",\"image\":{\"@type\":\"ImageObject\",\"inLanguage\":\"en-US\",\"@id\":\"https:\/\/www.quincaillerie-lustrerie.be\/#\/schema\/person\/image\/\",\"url\":\"https:\/\/www.quincaillerie-lustrerie.be\/wp-content\/uploads\/2022\/05\/logo.png\",\"contentUrl\":\"https:\/\/www.quincaillerie-lustrerie.be\/wp-content\/uploads\/2022\/05\/logo.png\",\"width\":275,\"height\":130,\"caption\":\"adminquincaillerie\"},\"logo\":{\"@id\":\"https:\/\/www.quincaillerie-lustrerie.be\/#\/schema\/person\/image\/\"}}]}<\/script>\n<!-- \/ Yoast SEO plugin. -->","yoast_head_json":{"title":"Entr\u00e9e de serrure de meuble style Louis XV en laiton massif l\u00e9g\u00e8re patine - Quincaillerie &amp; Lustrerie","robots":{"index":"index","follow":"follow","max-snippet":"max-snippet:-1","max-image-preview":"max-image-preview:large","max-video-preview":"max-video-preview:-1"},"canonical":"https:\/\/www.quincaillerie-lustrerie.be\/en\/produit\/entree-de-serrure-de-meuble-style-louis-xv-en-laiton-massif-legere-patine\/","og_locale":"en_US","og_type":"article","og_title":"Entr\u00e9e de serrure de meuble style Louis XV en laiton massif l\u00e9g\u00e8re patine - Quincaillerie &amp; Lustrerie","og_description":"Entr\u00e9e de serrure de meuble style Louis XV en laiton massif l\u00e9g\u00e8re patine","og_url":"https:\/\/www.quincaillerie-lustrerie.be\/en\/produit\/entree-de-serrure-de-meuble-style-louis-xv-en-laiton-massif-legere-patine\/","og_site_name":"Quincaillerie &amp; Lustrerie","article_modified_time":"2022-06-07T16:26:56+00:00","og_image":[{"width":800,"height":975,"url":"https:\/\/www.quincaillerie-lustrerie.be\/wp-content\/uploads\/2022\/06\/4D94744A-385B-4042-8FDA-88C1A02174A5.jpeg","type":"image\/jpeg"}],"twitter_card":"summary_large_image","schema":{"@context":"https:\/\/schema.org","@graph":[{"@type":"WebPage","@id":"https:\/\/www.quincaillerie-lustrerie.be\/en\/produit\/entree-de-serrure-de-meuble-style-louis-xv-en-laiton-massif-legere-patine\/","url":"https:\/\/www.quincaillerie-lustrerie.be\/en\/produit\/entree-de-serrure-de-meuble-style-louis-xv-en-laiton-massif-legere-patine\/","name":"Entr\u00e9e de serrure de meuble style Louis XV en laiton massif l\u00e9g\u00e8re patine - Quincaillerie &amp; Lustrerie","isPartOf":{"@id":"https:\/\/www.quincaillerie-lustrerie.be\/#website"},"primaryImageOfPage":{"@id":"https:\/\/www.quincaillerie-lustrerie.be\/en\/produit\/entree-de-serrure-de-meuble-style-louis-xv-en-laiton-massif-legere-patine\/#primaryimage"},"image":{"@id":"https:\/\/www.quincaillerie-lustrerie.be\/en\/produit\/entree-de-serrure-de-meuble-style-louis-xv-en-laiton-massif-legere-patine\/#primaryimage"},"thumbnailUrl":"https:\/\/www.quincaillerie-lustrerie.be\/wp-content\/uploads\/2022\/06\/4D94744A-385B-4042-8FDA-88C1A02174A5.jpeg","datePublished":"2022-06-07T16:21:49+00:00","dateModified":"2022-06-07T16:26:56+00:00","breadcrumb":{"@id":"https:\/\/www.quincaillerie-lustrerie.be\/en\/produit\/entree-de-serrure-de-meuble-style-louis-xv-en-laiton-massif-legere-patine\/#breadcrumb"},"inLanguage":"en-US","potentialAction":[{"@type":"ReadAction","target":["https:\/\/www.quincaillerie-lustrerie.be\/en\/produit\/entree-de-serrure-de-meuble-style-louis-xv-en-laiton-massif-legere-patine\/"]}]},{"@type":"ImageObject","inLanguage":"en-US","@id":"https:\/\/www.quincaillerie-lustrerie.be\/en\/produit\/entree-de-serrure-de-meuble-style-louis-xv-en-laiton-massif-legere-patine\/#primaryimage","url":"https:\/\/www.quincaillerie-lustrerie.be\/wp-content\/uploads\/2022\/06\/4D94744A-385B-4042-8FDA-88C1A02174A5.jpeg","contentUrl":"https:\/\/www.quincaillerie-lustrerie.be\/wp-content\/uploads\/2022\/06\/4D94744A-385B-4042-8FDA-88C1A02174A5.jpeg","width":800,"height":975},{"@type":"BreadcrumbList","@id":"https:\/\/www.quincaillerie-lustrerie.be\/en\/produit\/entree-de-serrure-de-meuble-style-louis-xv-en-laiton-massif-legere-patine\/#breadcrumb","itemListElement":[{"@type":"ListItem","position":1,"name":"Accueil","item":"https:\/\/www.quincaillerie-lustrerie.be\/"},{"@type":"ListItem","position":2,"name":"Entr\u00e9e de serrure de meuble style Louis XV en laiton massif l\u00e9g\u00e8re patine"}]},{"@type":"WebSite","@id":"https:\/\/www.quincaillerie-lustrerie.be\/#website","url":"https:\/\/www.quincaillerie-lustrerie.be\/","name":"Quincaillerie &amp; Lustrerie","description":"Vintage et Antiques","publisher":{"@id":"https:\/\/www.quincaillerie-lustrerie.be\/#\/schema\/person\/b803e421c0f01ae448438d407fee966a"},"potentialAction":[{"@type":"SearchAction","target":{"@type":"EntryPoint","urlTemplate":"https:\/\/www.quincaillerie-lustrerie.be\/?s={search_term_string}"},"query-input":{"@type":"PropertyValueSpecification","valueRequired":true,"valueName":"search_term_string"}}],"inLanguage":"en-US"},{"@type":["Person","Organization"],"@id":"https:\/\/www.quincaillerie-lustrerie.be\/#\/schema\/person\/b803e421c0f01ae448438d407fee966a","name":"adminquincaillerie","image":{"@type":"ImageObject","inLanguage":"en-US","@id":"https:\/\/www.quincaillerie-lustrerie.be\/#\/schema\/person\/image\/","url":"https:\/\/www.quincaillerie-lustrerie.be\/wp-content\/uploads\/2022\/05\/logo.png","contentUrl":"https:\/\/www.quincaillerie-lustrerie.be\/wp-content\/uploads\/2022\/05\/logo.png","width":275,"height":130,"caption":"adminquincaillerie"},"logo":{"@id":"https:\/\/www.quincaillerie-lustrerie.be\/#\/schema\/person\/image\/"}}]}},"_links":{"self":[{"href":"https:\/\/www.quincaillerie-lustrerie.be\/en\/wp-json\/wp\/v2\/product\/795","targetHints":{"allow":["GET"]}}],"collection":[{"href":"https:\/\/www.quincaillerie-lustrerie.be\/en\/wp-json\/wp\/v2\/product"}],"about":[{"href":"https:\/\/www.quincaillerie-lustrerie.be\/en\/wp-json\/wp\/v2\/types\/product"}],"wp:featuredmedia":[{"embeddable":true,"href":"https:\/\/www.quincaillerie-lustrerie.be\/en\/wp-json\/wp\/v2\/media\/801"}],"wp:attachment":[{"href":"https:\/\/www.quincaillerie-lustrerie.be\/en\/wp-json\/wp\/v2\/media?parent=795"}],"wp:term":[{"taxonomy":"product_brand","embeddable":true,"href":"https:\/\/www.quincaillerie-lustrerie.be\/en\/wp-json\/wp\/v2\/product_brand?post=795"},{"taxonomy":"product_cat","embeddable":true,"href":"https:\/\/www.quincaillerie-lustrerie.be\/en\/wp-json\/wp\/v2\/product_cat?post=795"},{"taxonomy":"product_tag","embeddable":true,"href":"https:\/\/www.quincaillerie-lustrerie.be\/en\/wp-json\/wp\/v2\/product_tag?post=795"}],"curies":[{"name":"wp","href":"https:\/\/api.w.org\/{rel}","templated":true}]}}