{"id":638,"date":"2022-06-04T18:30:47","date_gmt":"2022-06-04T16:30:47","guid":{"rendered":"https:\/\/www.quincaillerie-lustrerie.be\/produit\/decor-de-meuble-fantaisie-en-zamak-bronze-2\/"},"modified":"2022-06-04T18:34:14","modified_gmt":"2022-06-04T16:34:14","slug":"decor-de-meuble-fantaisie-en-zamak-bronze-21","status":"publish","type":"product","link":"https:\/\/www.quincaillerie-lustrerie.be\/en\/produit\/decor-de-meuble-fantaisie-en-zamak-bronze-21\/","title":{"rendered":"D\u00e9cor de meuble fantaisie en zamak bronz\u00e9"},"content":{"rendered":"<p>Hauteur hors tout de 10,5cm<br \/>\nLargeur hors tout de 13cm<br \/>\nFixation par 3 vis<\/p>\n","protected":false},"excerpt":{"rendered":"<p>D\u00e9cor de meuble fantaisie en zamak bronz\u00e9<\/p>\n","protected":false},"featured_media":641,"template":"","meta":{"_acf_changed":false},"product_brand":[],"product_cat":[64,71],"product_tag":[],"class_list":{"0":"post-638","1":"product","2":"type-product","3":"status-publish","4":"has-post-thumbnail","6":"product_cat-quincaillerie-en","7":"product_cat-decors-et-divers-quincaillerie-en","9":"first","10":"instock","11":"shipping-taxable","12":"purchasable","13":"product-type-simple"},"acf":[],"yoast_head":"<!-- This site is optimized with the Yoast SEO plugin v25.4 - https:\/\/yoast.com\/wordpress\/plugins\/seo\/ -->\n<title>D\u00e9cor de meuble fantaisie en zamak bronz\u00e9 - Quincaillerie &amp; Lustrerie<\/title>\n<meta name=\"robots\" content=\"index, follow, max-snippet:-1, max-image-preview:large, max-video-preview:-1\" \/>\n<link rel=\"canonical\" href=\"https:\/\/www.quincaillerie-lustrerie.be\/en\/produit\/decor-de-meuble-fantaisie-en-zamak-bronze-21\/\" \/>\n<meta property=\"og:locale\" content=\"en_US\" \/>\n<meta property=\"og:type\" content=\"article\" \/>\n<meta property=\"og:title\" content=\"D\u00e9cor de meuble fantaisie en zamak bronz\u00e9 - Quincaillerie &amp; Lustrerie\" \/>\n<meta property=\"og:description\" content=\"D\u00e9cor de meuble fantaisie en zamak bronz\u00e9\" \/>\n<meta property=\"og:url\" content=\"https:\/\/www.quincaillerie-lustrerie.be\/en\/produit\/decor-de-meuble-fantaisie-en-zamak-bronze-21\/\" \/>\n<meta property=\"og:site_name\" content=\"Quincaillerie &amp; Lustrerie\" \/>\n<meta property=\"article:modified_time\" content=\"2022-06-04T16:34:14+00:00\" \/>\n<meta property=\"og:image\" content=\"https:\/\/www.quincaillerie-lustrerie.be\/wp-content\/uploads\/2022\/06\/31D56445-50D5-419D-9960-D37A40F39572.jpeg\" \/>\n\t<meta property=\"og:image:width\" content=\"748\" \/>\n\t<meta property=\"og:image:height\" content=\"731\" \/>\n\t<meta property=\"og:image:type\" content=\"image\/jpeg\" \/>\n<meta name=\"twitter:card\" content=\"summary_large_image\" \/>\n<script type=\"application\/ld+json\" class=\"yoast-schema-graph\">{\"@context\":\"https:\/\/schema.org\",\"@graph\":[{\"@type\":\"WebPage\",\"@id\":\"https:\/\/www.quincaillerie-lustrerie.be\/en\/produit\/decor-de-meuble-fantaisie-en-zamak-bronze-21\/\",\"url\":\"https:\/\/www.quincaillerie-lustrerie.be\/en\/produit\/decor-de-meuble-fantaisie-en-zamak-bronze-21\/\",\"name\":\"D\u00e9cor de meuble fantaisie en zamak bronz\u00e9 - Quincaillerie &amp; Lustrerie\",\"isPartOf\":{\"@id\":\"https:\/\/www.quincaillerie-lustrerie.be\/#website\"},\"primaryImageOfPage\":{\"@id\":\"https:\/\/www.quincaillerie-lustrerie.be\/en\/produit\/decor-de-meuble-fantaisie-en-zamak-bronze-21\/#primaryimage\"},\"image\":{\"@id\":\"https:\/\/www.quincaillerie-lustrerie.be\/en\/produit\/decor-de-meuble-fantaisie-en-zamak-bronze-21\/#primaryimage\"},\"thumbnailUrl\":\"https:\/\/www.quincaillerie-lustrerie.be\/wp-content\/uploads\/2022\/06\/31D56445-50D5-419D-9960-D37A40F39572.jpeg\",\"datePublished\":\"2022-06-04T16:30:47+00:00\",\"dateModified\":\"2022-06-04T16:34:14+00:00\",\"breadcrumb\":{\"@id\":\"https:\/\/www.quincaillerie-lustrerie.be\/en\/produit\/decor-de-meuble-fantaisie-en-zamak-bronze-21\/#breadcrumb\"},\"inLanguage\":\"en-US\",\"potentialAction\":[{\"@type\":\"ReadAction\",\"target\":[\"https:\/\/www.quincaillerie-lustrerie.be\/en\/produit\/decor-de-meuble-fantaisie-en-zamak-bronze-21\/\"]}]},{\"@type\":\"ImageObject\",\"inLanguage\":\"en-US\",\"@id\":\"https:\/\/www.quincaillerie-lustrerie.be\/en\/produit\/decor-de-meuble-fantaisie-en-zamak-bronze-21\/#primaryimage\",\"url\":\"https:\/\/www.quincaillerie-lustrerie.be\/wp-content\/uploads\/2022\/06\/31D56445-50D5-419D-9960-D37A40F39572.jpeg\",\"contentUrl\":\"https:\/\/www.quincaillerie-lustrerie.be\/wp-content\/uploads\/2022\/06\/31D56445-50D5-419D-9960-D37A40F39572.jpeg\",\"width\":748,\"height\":731},{\"@type\":\"BreadcrumbList\",\"@id\":\"https:\/\/www.quincaillerie-lustrerie.be\/en\/produit\/decor-de-meuble-fantaisie-en-zamak-bronze-21\/#breadcrumb\",\"itemListElement\":[{\"@type\":\"ListItem\",\"position\":1,\"name\":\"Accueil\",\"item\":\"https:\/\/www.quincaillerie-lustrerie.be\/\"},{\"@type\":\"ListItem\",\"position\":2,\"name\":\"D\u00e9cor de meuble fantaisie en zamak bronz\u00e9\"}]},{\"@type\":\"WebSite\",\"@id\":\"https:\/\/www.quincaillerie-lustrerie.be\/#website\",\"url\":\"https:\/\/www.quincaillerie-lustrerie.be\/\",\"name\":\"Quincaillerie &amp; Lustrerie\",\"description\":\"Vintage et Antiques\",\"publisher\":{\"@id\":\"https:\/\/www.quincaillerie-lustrerie.be\/#\/schema\/person\/b803e421c0f01ae448438d407fee966a\"},\"potentialAction\":[{\"@type\":\"SearchAction\",\"target\":{\"@type\":\"EntryPoint\",\"urlTemplate\":\"https:\/\/www.quincaillerie-lustrerie.be\/?s={search_term_string}\"},\"query-input\":{\"@type\":\"PropertyValueSpecification\",\"valueRequired\":true,\"valueName\":\"search_term_string\"}}],\"inLanguage\":\"en-US\"},{\"@type\":[\"Person\",\"Organization\"],\"@id\":\"https:\/\/www.quincaillerie-lustrerie.be\/#\/schema\/person\/b803e421c0f01ae448438d407fee966a\",\"name\":\"adminquincaillerie\",\"image\":{\"@type\":\"ImageObject\",\"inLanguage\":\"en-US\",\"@id\":\"https:\/\/www.quincaillerie-lustrerie.be\/#\/schema\/person\/image\/\",\"url\":\"https:\/\/www.quincaillerie-lustrerie.be\/wp-content\/uploads\/2022\/05\/logo.png\",\"contentUrl\":\"https:\/\/www.quincaillerie-lustrerie.be\/wp-content\/uploads\/2022\/05\/logo.png\",\"width\":275,\"height\":130,\"caption\":\"adminquincaillerie\"},\"logo\":{\"@id\":\"https:\/\/www.quincaillerie-lustrerie.be\/#\/schema\/person\/image\/\"}}]}<\/script>\n<!-- \/ Yoast SEO plugin. -->","yoast_head_json":{"title":"D\u00e9cor de meuble fantaisie en zamak bronz\u00e9 - Quincaillerie &amp; Lustrerie","robots":{"index":"index","follow":"follow","max-snippet":"max-snippet:-1","max-image-preview":"max-image-preview:large","max-video-preview":"max-video-preview:-1"},"canonical":"https:\/\/www.quincaillerie-lustrerie.be\/en\/produit\/decor-de-meuble-fantaisie-en-zamak-bronze-21\/","og_locale":"en_US","og_type":"article","og_title":"D\u00e9cor de meuble fantaisie en zamak bronz\u00e9 - Quincaillerie &amp; Lustrerie","og_description":"D\u00e9cor de meuble fantaisie en zamak bronz\u00e9","og_url":"https:\/\/www.quincaillerie-lustrerie.be\/en\/produit\/decor-de-meuble-fantaisie-en-zamak-bronze-21\/","og_site_name":"Quincaillerie &amp; Lustrerie","article_modified_time":"2022-06-04T16:34:14+00:00","og_image":[{"width":748,"height":731,"url":"https:\/\/www.quincaillerie-lustrerie.be\/wp-content\/uploads\/2022\/06\/31D56445-50D5-419D-9960-D37A40F39572.jpeg","type":"image\/jpeg"}],"twitter_card":"summary_large_image","schema":{"@context":"https:\/\/schema.org","@graph":[{"@type":"WebPage","@id":"https:\/\/www.quincaillerie-lustrerie.be\/en\/produit\/decor-de-meuble-fantaisie-en-zamak-bronze-21\/","url":"https:\/\/www.quincaillerie-lustrerie.be\/en\/produit\/decor-de-meuble-fantaisie-en-zamak-bronze-21\/","name":"D\u00e9cor de meuble fantaisie en zamak bronz\u00e9 - Quincaillerie &amp; Lustrerie","isPartOf":{"@id":"https:\/\/www.quincaillerie-lustrerie.be\/#website"},"primaryImageOfPage":{"@id":"https:\/\/www.quincaillerie-lustrerie.be\/en\/produit\/decor-de-meuble-fantaisie-en-zamak-bronze-21\/#primaryimage"},"image":{"@id":"https:\/\/www.quincaillerie-lustrerie.be\/en\/produit\/decor-de-meuble-fantaisie-en-zamak-bronze-21\/#primaryimage"},"thumbnailUrl":"https:\/\/www.quincaillerie-lustrerie.be\/wp-content\/uploads\/2022\/06\/31D56445-50D5-419D-9960-D37A40F39572.jpeg","datePublished":"2022-06-04T16:30:47+00:00","dateModified":"2022-06-04T16:34:14+00:00","breadcrumb":{"@id":"https:\/\/www.quincaillerie-lustrerie.be\/en\/produit\/decor-de-meuble-fantaisie-en-zamak-bronze-21\/#breadcrumb"},"inLanguage":"en-US","potentialAction":[{"@type":"ReadAction","target":["https:\/\/www.quincaillerie-lustrerie.be\/en\/produit\/decor-de-meuble-fantaisie-en-zamak-bronze-21\/"]}]},{"@type":"ImageObject","inLanguage":"en-US","@id":"https:\/\/www.quincaillerie-lustrerie.be\/en\/produit\/decor-de-meuble-fantaisie-en-zamak-bronze-21\/#primaryimage","url":"https:\/\/www.quincaillerie-lustrerie.be\/wp-content\/uploads\/2022\/06\/31D56445-50D5-419D-9960-D37A40F39572.jpeg","contentUrl":"https:\/\/www.quincaillerie-lustrerie.be\/wp-content\/uploads\/2022\/06\/31D56445-50D5-419D-9960-D37A40F39572.jpeg","width":748,"height":731},{"@type":"BreadcrumbList","@id":"https:\/\/www.quincaillerie-lustrerie.be\/en\/produit\/decor-de-meuble-fantaisie-en-zamak-bronze-21\/#breadcrumb","itemListElement":[{"@type":"ListItem","position":1,"name":"Accueil","item":"https:\/\/www.quincaillerie-lustrerie.be\/"},{"@type":"ListItem","position":2,"name":"D\u00e9cor de meuble fantaisie en zamak bronz\u00e9"}]},{"@type":"WebSite","@id":"https:\/\/www.quincaillerie-lustrerie.be\/#website","url":"https:\/\/www.quincaillerie-lustrerie.be\/","name":"Quincaillerie &amp; Lustrerie","description":"Vintage et Antiques","publisher":{"@id":"https:\/\/www.quincaillerie-lustrerie.be\/#\/schema\/person\/b803e421c0f01ae448438d407fee966a"},"potentialAction":[{"@type":"SearchAction","target":{"@type":"EntryPoint","urlTemplate":"https:\/\/www.quincaillerie-lustrerie.be\/?s={search_term_string}"},"query-input":{"@type":"PropertyValueSpecification","valueRequired":true,"valueName":"search_term_string"}}],"inLanguage":"en-US"},{"@type":["Person","Organization"],"@id":"https:\/\/www.quincaillerie-lustrerie.be\/#\/schema\/person\/b803e421c0f01ae448438d407fee966a","name":"adminquincaillerie","image":{"@type":"ImageObject","inLanguage":"en-US","@id":"https:\/\/www.quincaillerie-lustrerie.be\/#\/schema\/person\/image\/","url":"https:\/\/www.quincaillerie-lustrerie.be\/wp-content\/uploads\/2022\/05\/logo.png","contentUrl":"https:\/\/www.quincaillerie-lustrerie.be\/wp-content\/uploads\/2022\/05\/logo.png","width":275,"height":130,"caption":"adminquincaillerie"},"logo":{"@id":"https:\/\/www.quincaillerie-lustrerie.be\/#\/schema\/person\/image\/"}}]}},"_links":{"self":[{"href":"https:\/\/www.quincaillerie-lustrerie.be\/en\/wp-json\/wp\/v2\/product\/638","targetHints":{"allow":["GET"]}}],"collection":[{"href":"https:\/\/www.quincaillerie-lustrerie.be\/en\/wp-json\/wp\/v2\/product"}],"about":[{"href":"https:\/\/www.quincaillerie-lustrerie.be\/en\/wp-json\/wp\/v2\/types\/product"}],"wp:featuredmedia":[{"embeddable":true,"href":"https:\/\/www.quincaillerie-lustrerie.be\/en\/wp-json\/wp\/v2\/media\/641"}],"wp:attachment":[{"href":"https:\/\/www.quincaillerie-lustrerie.be\/en\/wp-json\/wp\/v2\/media?parent=638"}],"wp:term":[{"taxonomy":"product_brand","embeddable":true,"href":"https:\/\/www.quincaillerie-lustrerie.be\/en\/wp-json\/wp\/v2\/product_brand?post=638"},{"taxonomy":"product_cat","embeddable":true,"href":"https:\/\/www.quincaillerie-lustrerie.be\/en\/wp-json\/wp\/v2\/product_cat?post=638"},{"taxonomy":"product_tag","embeddable":true,"href":"https:\/\/www.quincaillerie-lustrerie.be\/en\/wp-json\/wp\/v2\/product_tag?post=638"}],"curies":[{"name":"wp","href":"https:\/\/api.w.org\/{rel}","templated":true}]}}