{"id":616,"date":"2022-06-04T17:57:51","date_gmt":"2022-06-04T15:57:51","guid":{"rendered":"https:\/\/www.quincaillerie-lustrerie.be\/produit\/paire-de-poignee-avec-plaque-de-proprete-en-laiton-massif\/"},"modified":"2022-07-04T18:28:16","modified_gmt":"2022-07-04T16:28:16","slug":"paire-de-poignee-avec-plaque-de-proprete-en-laiton-massif","status":"publish","type":"product","link":"https:\/\/www.quincaillerie-lustrerie.be\/en\/produit\/paire-de-poignee-avec-plaque-de-proprete-en-laiton-massif\/","title":{"rendered":"Paire de poign\u00e9es anciennes avec plaque de propret\u00e9 en laiton massif"},"content":{"rendered":"<p>Axe carr\u00e9 de 0,9cm<br \/>\nLong. B\u00e9quille de 10cm<br \/>\n\u00c9cart porte de 5cm<br \/>\nPlaque de propret\u00e9 Entraxe de 11,5cm<br \/>\nLargeur de la plaque hors tout : 5cm<br \/>\nHauteur de la plaque hors tout de 27cm <\/p>\n","protected":false},"excerpt":{"rendered":"<p>Paire de poign\u00e9es comprenant plaque de propret\u00e9 <\/p>\n","protected":false},"featured_media":1031,"template":"","meta":{"_acf_changed":false},"product_brand":[],"product_cat":[64,69,90],"product_tag":[],"class_list":{"0":"post-616","1":"product","2":"type-product","3":"status-publish","4":"has-post-thumbnail","6":"product_cat-quincaillerie-en","7":"product_cat-poignees-de-portes-en","8":"product_cat-poignees-bequilles-en","10":"first","11":"instock","12":"shipping-taxable","13":"purchasable","14":"product-type-simple"},"acf":[],"yoast_head":"<!-- This site is optimized with the Yoast SEO plugin v25.4 - https:\/\/yoast.com\/wordpress\/plugins\/seo\/ -->\n<title>Paire de poign\u00e9es anciennes avec plaque de propret\u00e9 en laiton massif - Quincaillerie &amp; Lustrerie<\/title>\n<meta name=\"description\" content=\"Paire de poign\u00e9es anciennes et neuves d\u2019un ancien stock en laiton patin\u00e9 fonc\u00e9\" \/>\n<meta name=\"robots\" content=\"index, follow, max-snippet:-1, max-image-preview:large, max-video-preview:-1\" \/>\n<link rel=\"canonical\" href=\"https:\/\/www.quincaillerie-lustrerie.be\/en\/produit\/paire-de-poignee-avec-plaque-de-proprete-en-laiton-massif\/\" \/>\n<meta property=\"og:locale\" content=\"en_US\" \/>\n<meta property=\"og:type\" content=\"article\" \/>\n<meta property=\"og:title\" content=\"Paire de poign\u00e9es anciennes avec plaque de propret\u00e9 en laiton massif - Quincaillerie &amp; Lustrerie\" \/>\n<meta property=\"og:description\" content=\"Paire de poign\u00e9es anciennes et neuves d\u2019un ancien stock en laiton patin\u00e9 fonc\u00e9\" \/>\n<meta property=\"og:url\" content=\"https:\/\/www.quincaillerie-lustrerie.be\/en\/produit\/paire-de-poignee-avec-plaque-de-proprete-en-laiton-massif\/\" \/>\n<meta property=\"og:site_name\" content=\"Quincaillerie &amp; Lustrerie\" \/>\n<meta property=\"article:modified_time\" content=\"2022-07-04T16:28:16+00:00\" \/>\n<meta property=\"og:image\" content=\"https:\/\/www.quincaillerie-lustrerie.be\/wp-content\/uploads\/2022\/06\/63ABD2CC-2037-481D-98A8-1479714EBED9.jpeg\" \/>\n\t<meta property=\"og:image:width\" content=\"779\" \/>\n\t<meta property=\"og:image:height\" content=\"1000\" \/>\n\t<meta property=\"og:image:type\" content=\"image\/jpeg\" \/>\n<meta name=\"twitter:card\" content=\"summary_large_image\" \/>\n<script type=\"application\/ld+json\" class=\"yoast-schema-graph\">{\"@context\":\"https:\/\/schema.org\",\"@graph\":[{\"@type\":\"WebPage\",\"@id\":\"https:\/\/www.quincaillerie-lustrerie.be\/en\/produit\/paire-de-poignee-avec-plaque-de-proprete-en-laiton-massif\/\",\"url\":\"https:\/\/www.quincaillerie-lustrerie.be\/en\/produit\/paire-de-poignee-avec-plaque-de-proprete-en-laiton-massif\/\",\"name\":\"Paire de poign\u00e9es anciennes avec plaque de propret\u00e9 en laiton massif - Quincaillerie &amp; Lustrerie\",\"isPartOf\":{\"@id\":\"https:\/\/www.quincaillerie-lustrerie.be\/#website\"},\"primaryImageOfPage\":{\"@id\":\"https:\/\/www.quincaillerie-lustrerie.be\/en\/produit\/paire-de-poignee-avec-plaque-de-proprete-en-laiton-massif\/#primaryimage\"},\"image\":{\"@id\":\"https:\/\/www.quincaillerie-lustrerie.be\/en\/produit\/paire-de-poignee-avec-plaque-de-proprete-en-laiton-massif\/#primaryimage\"},\"thumbnailUrl\":\"https:\/\/www.quincaillerie-lustrerie.be\/wp-content\/uploads\/2022\/06\/63ABD2CC-2037-481D-98A8-1479714EBED9.jpeg\",\"datePublished\":\"2022-06-04T15:57:51+00:00\",\"dateModified\":\"2022-07-04T16:28:16+00:00\",\"description\":\"Paire de poign\u00e9es anciennes et neuves d\u2019un ancien stock en laiton patin\u00e9 fonc\u00e9\",\"breadcrumb\":{\"@id\":\"https:\/\/www.quincaillerie-lustrerie.be\/en\/produit\/paire-de-poignee-avec-plaque-de-proprete-en-laiton-massif\/#breadcrumb\"},\"inLanguage\":\"en-US\",\"potentialAction\":[{\"@type\":\"ReadAction\",\"target\":[\"https:\/\/www.quincaillerie-lustrerie.be\/en\/produit\/paire-de-poignee-avec-plaque-de-proprete-en-laiton-massif\/\"]}]},{\"@type\":\"ImageObject\",\"inLanguage\":\"en-US\",\"@id\":\"https:\/\/www.quincaillerie-lustrerie.be\/en\/produit\/paire-de-poignee-avec-plaque-de-proprete-en-laiton-massif\/#primaryimage\",\"url\":\"https:\/\/www.quincaillerie-lustrerie.be\/wp-content\/uploads\/2022\/06\/63ABD2CC-2037-481D-98A8-1479714EBED9.jpeg\",\"contentUrl\":\"https:\/\/www.quincaillerie-lustrerie.be\/wp-content\/uploads\/2022\/06\/63ABD2CC-2037-481D-98A8-1479714EBED9.jpeg\",\"width\":779,\"height\":1000},{\"@type\":\"BreadcrumbList\",\"@id\":\"https:\/\/www.quincaillerie-lustrerie.be\/en\/produit\/paire-de-poignee-avec-plaque-de-proprete-en-laiton-massif\/#breadcrumb\",\"itemListElement\":[{\"@type\":\"ListItem\",\"position\":1,\"name\":\"Accueil\",\"item\":\"https:\/\/www.quincaillerie-lustrerie.be\/\"},{\"@type\":\"ListItem\",\"position\":2,\"name\":\"Paire de poign\u00e9es anciennes avec plaque de propret\u00e9 en laiton massif\"}]},{\"@type\":\"WebSite\",\"@id\":\"https:\/\/www.quincaillerie-lustrerie.be\/#website\",\"url\":\"https:\/\/www.quincaillerie-lustrerie.be\/\",\"name\":\"Quincaillerie &amp; Lustrerie\",\"description\":\"Vintage et Antiques\",\"publisher\":{\"@id\":\"https:\/\/www.quincaillerie-lustrerie.be\/#\/schema\/person\/b803e421c0f01ae448438d407fee966a\"},\"potentialAction\":[{\"@type\":\"SearchAction\",\"target\":{\"@type\":\"EntryPoint\",\"urlTemplate\":\"https:\/\/www.quincaillerie-lustrerie.be\/?s={search_term_string}\"},\"query-input\":{\"@type\":\"PropertyValueSpecification\",\"valueRequired\":true,\"valueName\":\"search_term_string\"}}],\"inLanguage\":\"en-US\"},{\"@type\":[\"Person\",\"Organization\"],\"@id\":\"https:\/\/www.quincaillerie-lustrerie.be\/#\/schema\/person\/b803e421c0f01ae448438d407fee966a\",\"name\":\"adminquincaillerie\",\"image\":{\"@type\":\"ImageObject\",\"inLanguage\":\"en-US\",\"@id\":\"https:\/\/www.quincaillerie-lustrerie.be\/#\/schema\/person\/image\/\",\"url\":\"https:\/\/www.quincaillerie-lustrerie.be\/wp-content\/uploads\/2022\/05\/logo.png\",\"contentUrl\":\"https:\/\/www.quincaillerie-lustrerie.be\/wp-content\/uploads\/2022\/05\/logo.png\",\"width\":275,\"height\":130,\"caption\":\"adminquincaillerie\"},\"logo\":{\"@id\":\"https:\/\/www.quincaillerie-lustrerie.be\/#\/schema\/person\/image\/\"}}]}<\/script>\n<!-- \/ Yoast SEO plugin. -->","yoast_head_json":{"title":"Paire de poign\u00e9es anciennes avec plaque de propret\u00e9 en laiton massif - Quincaillerie &amp; Lustrerie","description":"Paire de poign\u00e9es anciennes et neuves d\u2019un ancien stock en laiton patin\u00e9 fonc\u00e9","robots":{"index":"index","follow":"follow","max-snippet":"max-snippet:-1","max-image-preview":"max-image-preview:large","max-video-preview":"max-video-preview:-1"},"canonical":"https:\/\/www.quincaillerie-lustrerie.be\/en\/produit\/paire-de-poignee-avec-plaque-de-proprete-en-laiton-massif\/","og_locale":"en_US","og_type":"article","og_title":"Paire de poign\u00e9es anciennes avec plaque de propret\u00e9 en laiton massif - Quincaillerie &amp; Lustrerie","og_description":"Paire de poign\u00e9es anciennes et neuves d\u2019un ancien stock en laiton patin\u00e9 fonc\u00e9","og_url":"https:\/\/www.quincaillerie-lustrerie.be\/en\/produit\/paire-de-poignee-avec-plaque-de-proprete-en-laiton-massif\/","og_site_name":"Quincaillerie &amp; Lustrerie","article_modified_time":"2022-07-04T16:28:16+00:00","og_image":[{"width":779,"height":1000,"url":"https:\/\/www.quincaillerie-lustrerie.be\/wp-content\/uploads\/2022\/06\/63ABD2CC-2037-481D-98A8-1479714EBED9.jpeg","type":"image\/jpeg"}],"twitter_card":"summary_large_image","schema":{"@context":"https:\/\/schema.org","@graph":[{"@type":"WebPage","@id":"https:\/\/www.quincaillerie-lustrerie.be\/en\/produit\/paire-de-poignee-avec-plaque-de-proprete-en-laiton-massif\/","url":"https:\/\/www.quincaillerie-lustrerie.be\/en\/produit\/paire-de-poignee-avec-plaque-de-proprete-en-laiton-massif\/","name":"Paire de poign\u00e9es anciennes avec plaque de propret\u00e9 en laiton massif - Quincaillerie &amp; Lustrerie","isPartOf":{"@id":"https:\/\/www.quincaillerie-lustrerie.be\/#website"},"primaryImageOfPage":{"@id":"https:\/\/www.quincaillerie-lustrerie.be\/en\/produit\/paire-de-poignee-avec-plaque-de-proprete-en-laiton-massif\/#primaryimage"},"image":{"@id":"https:\/\/www.quincaillerie-lustrerie.be\/en\/produit\/paire-de-poignee-avec-plaque-de-proprete-en-laiton-massif\/#primaryimage"},"thumbnailUrl":"https:\/\/www.quincaillerie-lustrerie.be\/wp-content\/uploads\/2022\/06\/63ABD2CC-2037-481D-98A8-1479714EBED9.jpeg","datePublished":"2022-06-04T15:57:51+00:00","dateModified":"2022-07-04T16:28:16+00:00","description":"Paire de poign\u00e9es anciennes et neuves d\u2019un ancien stock en laiton patin\u00e9 fonc\u00e9","breadcrumb":{"@id":"https:\/\/www.quincaillerie-lustrerie.be\/en\/produit\/paire-de-poignee-avec-plaque-de-proprete-en-laiton-massif\/#breadcrumb"},"inLanguage":"en-US","potentialAction":[{"@type":"ReadAction","target":["https:\/\/www.quincaillerie-lustrerie.be\/en\/produit\/paire-de-poignee-avec-plaque-de-proprete-en-laiton-massif\/"]}]},{"@type":"ImageObject","inLanguage":"en-US","@id":"https:\/\/www.quincaillerie-lustrerie.be\/en\/produit\/paire-de-poignee-avec-plaque-de-proprete-en-laiton-massif\/#primaryimage","url":"https:\/\/www.quincaillerie-lustrerie.be\/wp-content\/uploads\/2022\/06\/63ABD2CC-2037-481D-98A8-1479714EBED9.jpeg","contentUrl":"https:\/\/www.quincaillerie-lustrerie.be\/wp-content\/uploads\/2022\/06\/63ABD2CC-2037-481D-98A8-1479714EBED9.jpeg","width":779,"height":1000},{"@type":"BreadcrumbList","@id":"https:\/\/www.quincaillerie-lustrerie.be\/en\/produit\/paire-de-poignee-avec-plaque-de-proprete-en-laiton-massif\/#breadcrumb","itemListElement":[{"@type":"ListItem","position":1,"name":"Accueil","item":"https:\/\/www.quincaillerie-lustrerie.be\/"},{"@type":"ListItem","position":2,"name":"Paire de poign\u00e9es anciennes avec plaque de propret\u00e9 en laiton massif"}]},{"@type":"WebSite","@id":"https:\/\/www.quincaillerie-lustrerie.be\/#website","url":"https:\/\/www.quincaillerie-lustrerie.be\/","name":"Quincaillerie &amp; Lustrerie","description":"Vintage et Antiques","publisher":{"@id":"https:\/\/www.quincaillerie-lustrerie.be\/#\/schema\/person\/b803e421c0f01ae448438d407fee966a"},"potentialAction":[{"@type":"SearchAction","target":{"@type":"EntryPoint","urlTemplate":"https:\/\/www.quincaillerie-lustrerie.be\/?s={search_term_string}"},"query-input":{"@type":"PropertyValueSpecification","valueRequired":true,"valueName":"search_term_string"}}],"inLanguage":"en-US"},{"@type":["Person","Organization"],"@id":"https:\/\/www.quincaillerie-lustrerie.be\/#\/schema\/person\/b803e421c0f01ae448438d407fee966a","name":"adminquincaillerie","image":{"@type":"ImageObject","inLanguage":"en-US","@id":"https:\/\/www.quincaillerie-lustrerie.be\/#\/schema\/person\/image\/","url":"https:\/\/www.quincaillerie-lustrerie.be\/wp-content\/uploads\/2022\/05\/logo.png","contentUrl":"https:\/\/www.quincaillerie-lustrerie.be\/wp-content\/uploads\/2022\/05\/logo.png","width":275,"height":130,"caption":"adminquincaillerie"},"logo":{"@id":"https:\/\/www.quincaillerie-lustrerie.be\/#\/schema\/person\/image\/"}}]}},"_links":{"self":[{"href":"https:\/\/www.quincaillerie-lustrerie.be\/en\/wp-json\/wp\/v2\/product\/616","targetHints":{"allow":["GET"]}}],"collection":[{"href":"https:\/\/www.quincaillerie-lustrerie.be\/en\/wp-json\/wp\/v2\/product"}],"about":[{"href":"https:\/\/www.quincaillerie-lustrerie.be\/en\/wp-json\/wp\/v2\/types\/product"}],"wp:featuredmedia":[{"embeddable":true,"href":"https:\/\/www.quincaillerie-lustrerie.be\/en\/wp-json\/wp\/v2\/media\/1031"}],"wp:attachment":[{"href":"https:\/\/www.quincaillerie-lustrerie.be\/en\/wp-json\/wp\/v2\/media?parent=616"}],"wp:term":[{"taxonomy":"product_brand","embeddable":true,"href":"https:\/\/www.quincaillerie-lustrerie.be\/en\/wp-json\/wp\/v2\/product_brand?post=616"},{"taxonomy":"product_cat","embeddable":true,"href":"https:\/\/www.quincaillerie-lustrerie.be\/en\/wp-json\/wp\/v2\/product_cat?post=616"},{"taxonomy":"product_tag","embeddable":true,"href":"https:\/\/www.quincaillerie-lustrerie.be\/en\/wp-json\/wp\/v2\/product_tag?post=616"}],"curies":[{"name":"wp","href":"https:\/\/api.w.org\/{rel}","templated":true}]}}