{"id":234,"date":"2022-05-29T16:20:28","date_gmt":"2022-05-29T14:20:28","guid":{"rendered":"https:\/\/www.quincaillerie-lustrerie.be\/produit\/tables-vacher-hetre-massif\/"},"modified":"2022-05-29T16:20:28","modified_gmt":"2022-05-29T14:20:28","slug":"tables-vacher-hetre-massif","status":"publish","type":"product","link":"https:\/\/www.quincaillerie-lustrerie.be\/en\/produit\/tables-vacher-hetre-massif\/","title":{"rendered":"Tables vacher, h\u00eatre massif"},"content":{"rendered":"<p><strong>Ensemble de trois pi\u00e8ces<\/strong><br \/>\nHauteurs 30cm, 35cm et 40 cm<br \/>\nLong. Max. tablette 35,35 et 40 cm<br \/>\nLarg tablette 18,18 et 21 cm<br \/>\nR\u00e9f BOS30 Prix 65\u20ac le set<\/p>\n","protected":false},"excerpt":{"rendered":"<p>Ensemble de trois pi\u00e8ces Hauteurs 30cm, 35cm et 40 cm Long. Max. tablette 35,35 et 40 cm Larg tablette 18,18 et 21 cm R\u00e9f BOS30 Prix 65\u20ac le set<\/p>\n","protected":false},"featured_media":240,"template":"","meta":{"_acf_changed":false},"product_brand":[],"product_cat":[53],"product_tag":[],"class_list":{"0":"post-234","1":"product","2":"type-product","3":"status-publish","4":"has-post-thumbnail","6":"product_cat-boissellerie-en","8":"first","9":"instock","10":"shipping-taxable","11":"purchasable","12":"product-type-simple"},"acf":[],"yoast_head":"<!-- This site is optimized with the Yoast SEO plugin v25.4 - https:\/\/yoast.com\/wordpress\/plugins\/seo\/ -->\n<title>Tables vacher, h\u00eatre massif - Quincaillerie &amp; Lustrerie<\/title>\n<meta name=\"robots\" content=\"index, follow, max-snippet:-1, max-image-preview:large, max-video-preview:-1\" \/>\n<link rel=\"canonical\" href=\"https:\/\/www.quincaillerie-lustrerie.be\/en\/produit\/tables-vacher-hetre-massif\/\" \/>\n<meta property=\"og:locale\" content=\"en_US\" \/>\n<meta property=\"og:type\" content=\"article\" \/>\n<meta property=\"og:title\" content=\"Tables vacher, h\u00eatre massif - Quincaillerie &amp; Lustrerie\" \/>\n<meta property=\"og:description\" content=\"Ensemble de trois pi\u00e8ces Hauteurs 30cm, 35cm et 40 cm Long. Max. tablette 35,35 et 40 cm Larg tablette 18,18 et 21 cm R\u00e9f BOS30 Prix 65\u20ac le set\" \/>\n<meta property=\"og:url\" content=\"https:\/\/www.quincaillerie-lustrerie.be\/en\/produit\/tables-vacher-hetre-massif\/\" \/>\n<meta property=\"og:site_name\" content=\"Quincaillerie &amp; Lustrerie\" \/>\n<meta property=\"og:image\" content=\"https:\/\/www.quincaillerie-lustrerie.be\/wp-content\/uploads\/2022\/05\/Tables-vacher.jpg\" \/>\n\t<meta property=\"og:image:width\" content=\"645\" \/>\n\t<meta property=\"og:image:height\" content=\"597\" \/>\n\t<meta property=\"og:image:type\" content=\"image\/jpeg\" \/>\n<meta name=\"twitter:card\" content=\"summary_large_image\" \/>\n<script type=\"application\/ld+json\" class=\"yoast-schema-graph\">{\"@context\":\"https:\/\/schema.org\",\"@graph\":[{\"@type\":\"WebPage\",\"@id\":\"https:\/\/www.quincaillerie-lustrerie.be\/en\/produit\/tables-vacher-hetre-massif\/\",\"url\":\"https:\/\/www.quincaillerie-lustrerie.be\/en\/produit\/tables-vacher-hetre-massif\/\",\"name\":\"Tables vacher, h\u00eatre massif - Quincaillerie &amp; Lustrerie\",\"isPartOf\":{\"@id\":\"https:\/\/www.quincaillerie-lustrerie.be\/#website\"},\"primaryImageOfPage\":{\"@id\":\"https:\/\/www.quincaillerie-lustrerie.be\/en\/produit\/tables-vacher-hetre-massif\/#primaryimage\"},\"image\":{\"@id\":\"https:\/\/www.quincaillerie-lustrerie.be\/en\/produit\/tables-vacher-hetre-massif\/#primaryimage\"},\"thumbnailUrl\":\"https:\/\/www.quincaillerie-lustrerie.be\/wp-content\/uploads\/2022\/05\/Tables-vacher.jpg\",\"datePublished\":\"2022-05-29T14:20:28+00:00\",\"breadcrumb\":{\"@id\":\"https:\/\/www.quincaillerie-lustrerie.be\/en\/produit\/tables-vacher-hetre-massif\/#breadcrumb\"},\"inLanguage\":\"en-US\",\"potentialAction\":[{\"@type\":\"ReadAction\",\"target\":[\"https:\/\/www.quincaillerie-lustrerie.be\/en\/produit\/tables-vacher-hetre-massif\/\"]}]},{\"@type\":\"ImageObject\",\"inLanguage\":\"en-US\",\"@id\":\"https:\/\/www.quincaillerie-lustrerie.be\/en\/produit\/tables-vacher-hetre-massif\/#primaryimage\",\"url\":\"https:\/\/www.quincaillerie-lustrerie.be\/wp-content\/uploads\/2022\/05\/Tables-vacher.jpg\",\"contentUrl\":\"https:\/\/www.quincaillerie-lustrerie.be\/wp-content\/uploads\/2022\/05\/Tables-vacher.jpg\",\"width\":645,\"height\":597},{\"@type\":\"BreadcrumbList\",\"@id\":\"https:\/\/www.quincaillerie-lustrerie.be\/en\/produit\/tables-vacher-hetre-massif\/#breadcrumb\",\"itemListElement\":[{\"@type\":\"ListItem\",\"position\":1,\"name\":\"Accueil\",\"item\":\"https:\/\/www.quincaillerie-lustrerie.be\/\"},{\"@type\":\"ListItem\",\"position\":2,\"name\":\"Tables vacher, h\u00eatre massif\"}]},{\"@type\":\"WebSite\",\"@id\":\"https:\/\/www.quincaillerie-lustrerie.be\/#website\",\"url\":\"https:\/\/www.quincaillerie-lustrerie.be\/\",\"name\":\"Quincaillerie &amp; Lustrerie\",\"description\":\"Vintage et Antiques\",\"publisher\":{\"@id\":\"https:\/\/www.quincaillerie-lustrerie.be\/#\/schema\/person\/b803e421c0f01ae448438d407fee966a\"},\"potentialAction\":[{\"@type\":\"SearchAction\",\"target\":{\"@type\":\"EntryPoint\",\"urlTemplate\":\"https:\/\/www.quincaillerie-lustrerie.be\/?s={search_term_string}\"},\"query-input\":{\"@type\":\"PropertyValueSpecification\",\"valueRequired\":true,\"valueName\":\"search_term_string\"}}],\"inLanguage\":\"en-US\"},{\"@type\":[\"Person\",\"Organization\"],\"@id\":\"https:\/\/www.quincaillerie-lustrerie.be\/#\/schema\/person\/b803e421c0f01ae448438d407fee966a\",\"name\":\"adminquincaillerie\",\"image\":{\"@type\":\"ImageObject\",\"inLanguage\":\"en-US\",\"@id\":\"https:\/\/www.quincaillerie-lustrerie.be\/#\/schema\/person\/image\/\",\"url\":\"https:\/\/www.quincaillerie-lustrerie.be\/wp-content\/uploads\/2022\/05\/logo.png\",\"contentUrl\":\"https:\/\/www.quincaillerie-lustrerie.be\/wp-content\/uploads\/2022\/05\/logo.png\",\"width\":275,\"height\":130,\"caption\":\"adminquincaillerie\"},\"logo\":{\"@id\":\"https:\/\/www.quincaillerie-lustrerie.be\/#\/schema\/person\/image\/\"}}]}<\/script>\n<!-- \/ Yoast SEO plugin. -->","yoast_head_json":{"title":"Tables vacher, h\u00eatre massif - Quincaillerie &amp; Lustrerie","robots":{"index":"index","follow":"follow","max-snippet":"max-snippet:-1","max-image-preview":"max-image-preview:large","max-video-preview":"max-video-preview:-1"},"canonical":"https:\/\/www.quincaillerie-lustrerie.be\/en\/produit\/tables-vacher-hetre-massif\/","og_locale":"en_US","og_type":"article","og_title":"Tables vacher, h\u00eatre massif - Quincaillerie &amp; Lustrerie","og_description":"Ensemble de trois pi\u00e8ces Hauteurs 30cm, 35cm et 40 cm Long. Max. tablette 35,35 et 40 cm Larg tablette 18,18 et 21 cm R\u00e9f BOS30 Prix 65\u20ac le set","og_url":"https:\/\/www.quincaillerie-lustrerie.be\/en\/produit\/tables-vacher-hetre-massif\/","og_site_name":"Quincaillerie &amp; Lustrerie","og_image":[{"width":645,"height":597,"url":"https:\/\/www.quincaillerie-lustrerie.be\/wp-content\/uploads\/2022\/05\/Tables-vacher.jpg","type":"image\/jpeg"}],"twitter_card":"summary_large_image","schema":{"@context":"https:\/\/schema.org","@graph":[{"@type":"WebPage","@id":"https:\/\/www.quincaillerie-lustrerie.be\/en\/produit\/tables-vacher-hetre-massif\/","url":"https:\/\/www.quincaillerie-lustrerie.be\/en\/produit\/tables-vacher-hetre-massif\/","name":"Tables vacher, h\u00eatre massif - Quincaillerie &amp; Lustrerie","isPartOf":{"@id":"https:\/\/www.quincaillerie-lustrerie.be\/#website"},"primaryImageOfPage":{"@id":"https:\/\/www.quincaillerie-lustrerie.be\/en\/produit\/tables-vacher-hetre-massif\/#primaryimage"},"image":{"@id":"https:\/\/www.quincaillerie-lustrerie.be\/en\/produit\/tables-vacher-hetre-massif\/#primaryimage"},"thumbnailUrl":"https:\/\/www.quincaillerie-lustrerie.be\/wp-content\/uploads\/2022\/05\/Tables-vacher.jpg","datePublished":"2022-05-29T14:20:28+00:00","breadcrumb":{"@id":"https:\/\/www.quincaillerie-lustrerie.be\/en\/produit\/tables-vacher-hetre-massif\/#breadcrumb"},"inLanguage":"en-US","potentialAction":[{"@type":"ReadAction","target":["https:\/\/www.quincaillerie-lustrerie.be\/en\/produit\/tables-vacher-hetre-massif\/"]}]},{"@type":"ImageObject","inLanguage":"en-US","@id":"https:\/\/www.quincaillerie-lustrerie.be\/en\/produit\/tables-vacher-hetre-massif\/#primaryimage","url":"https:\/\/www.quincaillerie-lustrerie.be\/wp-content\/uploads\/2022\/05\/Tables-vacher.jpg","contentUrl":"https:\/\/www.quincaillerie-lustrerie.be\/wp-content\/uploads\/2022\/05\/Tables-vacher.jpg","width":645,"height":597},{"@type":"BreadcrumbList","@id":"https:\/\/www.quincaillerie-lustrerie.be\/en\/produit\/tables-vacher-hetre-massif\/#breadcrumb","itemListElement":[{"@type":"ListItem","position":1,"name":"Accueil","item":"https:\/\/www.quincaillerie-lustrerie.be\/"},{"@type":"ListItem","position":2,"name":"Tables vacher, h\u00eatre massif"}]},{"@type":"WebSite","@id":"https:\/\/www.quincaillerie-lustrerie.be\/#website","url":"https:\/\/www.quincaillerie-lustrerie.be\/","name":"Quincaillerie &amp; Lustrerie","description":"Vintage et Antiques","publisher":{"@id":"https:\/\/www.quincaillerie-lustrerie.be\/#\/schema\/person\/b803e421c0f01ae448438d407fee966a"},"potentialAction":[{"@type":"SearchAction","target":{"@type":"EntryPoint","urlTemplate":"https:\/\/www.quincaillerie-lustrerie.be\/?s={search_term_string}"},"query-input":{"@type":"PropertyValueSpecification","valueRequired":true,"valueName":"search_term_string"}}],"inLanguage":"en-US"},{"@type":["Person","Organization"],"@id":"https:\/\/www.quincaillerie-lustrerie.be\/#\/schema\/person\/b803e421c0f01ae448438d407fee966a","name":"adminquincaillerie","image":{"@type":"ImageObject","inLanguage":"en-US","@id":"https:\/\/www.quincaillerie-lustrerie.be\/#\/schema\/person\/image\/","url":"https:\/\/www.quincaillerie-lustrerie.be\/wp-content\/uploads\/2022\/05\/logo.png","contentUrl":"https:\/\/www.quincaillerie-lustrerie.be\/wp-content\/uploads\/2022\/05\/logo.png","width":275,"height":130,"caption":"adminquincaillerie"},"logo":{"@id":"https:\/\/www.quincaillerie-lustrerie.be\/#\/schema\/person\/image\/"}}]}},"_links":{"self":[{"href":"https:\/\/www.quincaillerie-lustrerie.be\/en\/wp-json\/wp\/v2\/product\/234","targetHints":{"allow":["GET"]}}],"collection":[{"href":"https:\/\/www.quincaillerie-lustrerie.be\/en\/wp-json\/wp\/v2\/product"}],"about":[{"href":"https:\/\/www.quincaillerie-lustrerie.be\/en\/wp-json\/wp\/v2\/types\/product"}],"wp:featuredmedia":[{"embeddable":true,"href":"https:\/\/www.quincaillerie-lustrerie.be\/en\/wp-json\/wp\/v2\/media\/240"}],"wp:attachment":[{"href":"https:\/\/www.quincaillerie-lustrerie.be\/en\/wp-json\/wp\/v2\/media?parent=234"}],"wp:term":[{"taxonomy":"product_brand","embeddable":true,"href":"https:\/\/www.quincaillerie-lustrerie.be\/en\/wp-json\/wp\/v2\/product_brand?post=234"},{"taxonomy":"product_cat","embeddable":true,"href":"https:\/\/www.quincaillerie-lustrerie.be\/en\/wp-json\/wp\/v2\/product_cat?post=234"},{"taxonomy":"product_tag","embeddable":true,"href":"https:\/\/www.quincaillerie-lustrerie.be\/en\/wp-json\/wp\/v2\/product_tag?post=234"}],"curies":[{"name":"wp","href":"https:\/\/api.w.org\/{rel}","templated":true}]}}