{"id":1833,"date":"2025-01-31T11:19:19","date_gmt":"2025-01-31T10:19:19","guid":{"rendered":"https:\/\/www.quincaillerie-lustrerie.be\/produit\/oeuvre-unique-en-bronze-patine-representant-un-style-abstrait-contemporain-lartiste-utilise-le-contraste-des-textures-et-la-juxtaposition-des-formes-pour-creer-une-tension-visuelle-fascinante-pie\/"},"modified":"2025-01-31T11:20:57","modified_gmt":"2025-01-31T10:20:57","slug":"oeuvre-unique-en-bronze-patine-representant-un-style-abstrait-contemporain-lartiste-utilise-le-contraste-des-textures-et-la-juxtaposition-des-formes-pour-creer-une-tension-visuelle-fascinante-pie","status":"publish","type":"product","link":"https:\/\/www.quincaillerie-lustrerie.be\/en\/produit\/oeuvre-unique-en-bronze-patine-representant-un-style-abstrait-contemporain-lartiste-utilise-le-contraste-des-textures-et-la-juxtaposition-des-formes-pour-creer-une-tension-visuelle-fascinante-pie\/","title":{"rendered":"Morceau d&#8217;obus"},"content":{"rendered":"<p>\u0152uvre unique en bronze patin\u00e9, repr\u00e9sentant un style abstrait contemporain. L&#8217;artiste utilise le contraste des textures et la juxtaposition des formes pour cr\u00e9er une tension visuelle fascinante. Pi\u00e8ce de collection d&#8217;exception.<\/p>\n<p>H: 15 cm<br \/>\nDiam\u00e8tre: 7Cm<\/p>\n","protected":false},"excerpt":{"rendered":"<p>\u0152uvre unique en bronze patin\u00e9, repr\u00e9sentant un style abstrait contemporain. L&#8217;artiste utilise le contraste des textures et la juxtaposition des formes pour cr\u00e9er une tension visuelle fascinante. Pi\u00e8ce de collection d&#8217;exception.<\/p>\n","protected":false},"featured_media":1831,"template":"","meta":{"_acf_changed":false},"product_brand":[],"product_cat":[95,83],"product_tag":[],"class_list":{"0":"post-1833","1":"product","2":"type-product","3":"status-publish","4":"has-post-thumbnail","6":"product_cat-pieces-diverses-en","7":"product_cat-lustrerie-en","9":"first","10":"instock","11":"shipping-taxable","12":"purchasable","13":"product-type-simple"},"acf":[],"yoast_head":"<!-- This site is optimized with the Yoast SEO plugin v25.4 - https:\/\/yoast.com\/wordpress\/plugins\/seo\/ -->\n<title>Morceau d&#039;obus - Quincaillerie &amp; Lustrerie<\/title>\n<meta name=\"description\" content=\"\u0152uvre unique en bronze patin\u00e9, repr\u00e9sentant un style abstrait contemporain. L&#039;artiste utilise le contraste des textures et la juxtaposition des formes pour cr\u00e9er une tension visuelle fascinante. Pi\u00e8ce de collection d&#039;exception.\" \/>\n<meta name=\"robots\" content=\"index, follow, max-snippet:-1, max-image-preview:large, max-video-preview:-1\" \/>\n<link rel=\"canonical\" href=\"https:\/\/www.quincaillerie-lustrerie.be\/en\/produit\/oeuvre-unique-en-bronze-patine-representant-un-style-abstrait-contemporain-lartiste-utilise-le-contraste-des-textures-et-la-juxtaposition-des-formes-pour-creer-une-tension-visuelle-fascinante-pie\/\" \/>\n<meta property=\"og:locale\" content=\"en_US\" \/>\n<meta property=\"og:type\" content=\"article\" \/>\n<meta property=\"og:title\" content=\"Morceau d&#039;obus - Quincaillerie &amp; Lustrerie\" \/>\n<meta property=\"og:description\" content=\"\u0152uvre unique en bronze patin\u00e9, repr\u00e9sentant un style abstrait contemporain. L&#039;artiste utilise le contraste des textures et la juxtaposition des formes pour cr\u00e9er une tension visuelle fascinante. Pi\u00e8ce de collection d&#039;exception.\" \/>\n<meta property=\"og:url\" content=\"https:\/\/www.quincaillerie-lustrerie.be\/en\/produit\/oeuvre-unique-en-bronze-patine-representant-un-style-abstrait-contemporain-lartiste-utilise-le-contraste-des-textures-et-la-juxtaposition-des-formes-pour-creer-une-tension-visuelle-fascinante-pie\/\" \/>\n<meta property=\"og:site_name\" content=\"Quincaillerie &amp; Lustrerie\" \/>\n<meta property=\"article:modified_time\" content=\"2025-01-31T10:20:57+00:00\" \/>\n<meta property=\"og:image\" content=\"https:\/\/www.quincaillerie-lustrerie.be\/wp-content\/uploads\/2025\/01\/IMG_5138.jpg\" \/>\n\t<meta property=\"og:image:width\" content=\"1059\" \/>\n\t<meta property=\"og:image:height\" content=\"1061\" \/>\n\t<meta property=\"og:image:type\" content=\"image\/jpeg\" \/>\n<meta name=\"twitter:card\" content=\"summary_large_image\" \/>\n<script type=\"application\/ld+json\" class=\"yoast-schema-graph\">{\"@context\":\"https:\/\/schema.org\",\"@graph\":[{\"@type\":\"WebPage\",\"@id\":\"https:\/\/www.quincaillerie-lustrerie.be\/en\/produit\/oeuvre-unique-en-bronze-patine-representant-un-style-abstrait-contemporain-lartiste-utilise-le-contraste-des-textures-et-la-juxtaposition-des-formes-pour-creer-une-tension-visuelle-fascinante-pie\/\",\"url\":\"https:\/\/www.quincaillerie-lustrerie.be\/en\/produit\/oeuvre-unique-en-bronze-patine-representant-un-style-abstrait-contemporain-lartiste-utilise-le-contraste-des-textures-et-la-juxtaposition-des-formes-pour-creer-une-tension-visuelle-fascinante-pie\/\",\"name\":\"Morceau d'obus - Quincaillerie &amp; Lustrerie\",\"isPartOf\":{\"@id\":\"https:\/\/www.quincaillerie-lustrerie.be\/#website\"},\"primaryImageOfPage\":{\"@id\":\"https:\/\/www.quincaillerie-lustrerie.be\/en\/produit\/oeuvre-unique-en-bronze-patine-representant-un-style-abstrait-contemporain-lartiste-utilise-le-contraste-des-textures-et-la-juxtaposition-des-formes-pour-creer-une-tension-visuelle-fascinante-pie\/#primaryimage\"},\"image\":{\"@id\":\"https:\/\/www.quincaillerie-lustrerie.be\/en\/produit\/oeuvre-unique-en-bronze-patine-representant-un-style-abstrait-contemporain-lartiste-utilise-le-contraste-des-textures-et-la-juxtaposition-des-formes-pour-creer-une-tension-visuelle-fascinante-pie\/#primaryimage\"},\"thumbnailUrl\":\"https:\/\/www.quincaillerie-lustrerie.be\/wp-content\/uploads\/2025\/01\/IMG_5138.jpg\",\"datePublished\":\"2025-01-31T10:19:19+00:00\",\"dateModified\":\"2025-01-31T10:20:57+00:00\",\"description\":\"\u0152uvre unique en bronze patin\u00e9, repr\u00e9sentant un style abstrait contemporain. L'artiste utilise le contraste des textures et la juxtaposition des formes pour cr\u00e9er une tension visuelle fascinante. Pi\u00e8ce de collection d'exception.\",\"breadcrumb\":{\"@id\":\"https:\/\/www.quincaillerie-lustrerie.be\/en\/produit\/oeuvre-unique-en-bronze-patine-representant-un-style-abstrait-contemporain-lartiste-utilise-le-contraste-des-textures-et-la-juxtaposition-des-formes-pour-creer-une-tension-visuelle-fascinante-pie\/#breadcrumb\"},\"inLanguage\":\"en-US\",\"potentialAction\":[{\"@type\":\"ReadAction\",\"target\":[\"https:\/\/www.quincaillerie-lustrerie.be\/en\/produit\/oeuvre-unique-en-bronze-patine-representant-un-style-abstrait-contemporain-lartiste-utilise-le-contraste-des-textures-et-la-juxtaposition-des-formes-pour-creer-une-tension-visuelle-fascinante-pie\/\"]}]},{\"@type\":\"ImageObject\",\"inLanguage\":\"en-US\",\"@id\":\"https:\/\/www.quincaillerie-lustrerie.be\/en\/produit\/oeuvre-unique-en-bronze-patine-representant-un-style-abstrait-contemporain-lartiste-utilise-le-contraste-des-textures-et-la-juxtaposition-des-formes-pour-creer-une-tension-visuelle-fascinante-pie\/#primaryimage\",\"url\":\"https:\/\/www.quincaillerie-lustrerie.be\/wp-content\/uploads\/2025\/01\/IMG_5138.jpg\",\"contentUrl\":\"https:\/\/www.quincaillerie-lustrerie.be\/wp-content\/uploads\/2025\/01\/IMG_5138.jpg\",\"width\":1059,\"height\":1061},{\"@type\":\"BreadcrumbList\",\"@id\":\"https:\/\/www.quincaillerie-lustrerie.be\/en\/produit\/oeuvre-unique-en-bronze-patine-representant-un-style-abstrait-contemporain-lartiste-utilise-le-contraste-des-textures-et-la-juxtaposition-des-formes-pour-creer-une-tension-visuelle-fascinante-pie\/#breadcrumb\",\"itemListElement\":[{\"@type\":\"ListItem\",\"position\":1,\"name\":\"Accueil\",\"item\":\"https:\/\/www.quincaillerie-lustrerie.be\/\"},{\"@type\":\"ListItem\",\"position\":2,\"name\":\"Morceau d&rsquo;obus\"}]},{\"@type\":\"WebSite\",\"@id\":\"https:\/\/www.quincaillerie-lustrerie.be\/#website\",\"url\":\"https:\/\/www.quincaillerie-lustrerie.be\/\",\"name\":\"Quincaillerie &amp; Lustrerie\",\"description\":\"Vintage et Antiques\",\"publisher\":{\"@id\":\"https:\/\/www.quincaillerie-lustrerie.be\/#\/schema\/person\/b803e421c0f01ae448438d407fee966a\"},\"potentialAction\":[{\"@type\":\"SearchAction\",\"target\":{\"@type\":\"EntryPoint\",\"urlTemplate\":\"https:\/\/www.quincaillerie-lustrerie.be\/?s={search_term_string}\"},\"query-input\":{\"@type\":\"PropertyValueSpecification\",\"valueRequired\":true,\"valueName\":\"search_term_string\"}}],\"inLanguage\":\"en-US\"},{\"@type\":[\"Person\",\"Organization\"],\"@id\":\"https:\/\/www.quincaillerie-lustrerie.be\/#\/schema\/person\/b803e421c0f01ae448438d407fee966a\",\"name\":\"adminquincaillerie\",\"image\":{\"@type\":\"ImageObject\",\"inLanguage\":\"en-US\",\"@id\":\"https:\/\/www.quincaillerie-lustrerie.be\/#\/schema\/person\/image\/\",\"url\":\"https:\/\/www.quincaillerie-lustrerie.be\/wp-content\/uploads\/2022\/05\/logo.png\",\"contentUrl\":\"https:\/\/www.quincaillerie-lustrerie.be\/wp-content\/uploads\/2022\/05\/logo.png\",\"width\":275,\"height\":130,\"caption\":\"adminquincaillerie\"},\"logo\":{\"@id\":\"https:\/\/www.quincaillerie-lustrerie.be\/#\/schema\/person\/image\/\"}}]}<\/script>\n<!-- \/ Yoast SEO plugin. -->","yoast_head_json":{"title":"Morceau d'obus - Quincaillerie &amp; Lustrerie","description":"\u0152uvre unique en bronze patin\u00e9, repr\u00e9sentant un style abstrait contemporain. L'artiste utilise le contraste des textures et la juxtaposition des formes pour cr\u00e9er une tension visuelle fascinante. Pi\u00e8ce de collection d'exception.","robots":{"index":"index","follow":"follow","max-snippet":"max-snippet:-1","max-image-preview":"max-image-preview:large","max-video-preview":"max-video-preview:-1"},"canonical":"https:\/\/www.quincaillerie-lustrerie.be\/en\/produit\/oeuvre-unique-en-bronze-patine-representant-un-style-abstrait-contemporain-lartiste-utilise-le-contraste-des-textures-et-la-juxtaposition-des-formes-pour-creer-une-tension-visuelle-fascinante-pie\/","og_locale":"en_US","og_type":"article","og_title":"Morceau d'obus - Quincaillerie &amp; Lustrerie","og_description":"\u0152uvre unique en bronze patin\u00e9, repr\u00e9sentant un style abstrait contemporain. L'artiste utilise le contraste des textures et la juxtaposition des formes pour cr\u00e9er une tension visuelle fascinante. Pi\u00e8ce de collection d'exception.","og_url":"https:\/\/www.quincaillerie-lustrerie.be\/en\/produit\/oeuvre-unique-en-bronze-patine-representant-un-style-abstrait-contemporain-lartiste-utilise-le-contraste-des-textures-et-la-juxtaposition-des-formes-pour-creer-une-tension-visuelle-fascinante-pie\/","og_site_name":"Quincaillerie &amp; Lustrerie","article_modified_time":"2025-01-31T10:20:57+00:00","og_image":[{"width":1059,"height":1061,"url":"https:\/\/www.quincaillerie-lustrerie.be\/wp-content\/uploads\/2025\/01\/IMG_5138.jpg","type":"image\/jpeg"}],"twitter_card":"summary_large_image","schema":{"@context":"https:\/\/schema.org","@graph":[{"@type":"WebPage","@id":"https:\/\/www.quincaillerie-lustrerie.be\/en\/produit\/oeuvre-unique-en-bronze-patine-representant-un-style-abstrait-contemporain-lartiste-utilise-le-contraste-des-textures-et-la-juxtaposition-des-formes-pour-creer-une-tension-visuelle-fascinante-pie\/","url":"https:\/\/www.quincaillerie-lustrerie.be\/en\/produit\/oeuvre-unique-en-bronze-patine-representant-un-style-abstrait-contemporain-lartiste-utilise-le-contraste-des-textures-et-la-juxtaposition-des-formes-pour-creer-une-tension-visuelle-fascinante-pie\/","name":"Morceau d'obus - Quincaillerie &amp; Lustrerie","isPartOf":{"@id":"https:\/\/www.quincaillerie-lustrerie.be\/#website"},"primaryImageOfPage":{"@id":"https:\/\/www.quincaillerie-lustrerie.be\/en\/produit\/oeuvre-unique-en-bronze-patine-representant-un-style-abstrait-contemporain-lartiste-utilise-le-contraste-des-textures-et-la-juxtaposition-des-formes-pour-creer-une-tension-visuelle-fascinante-pie\/#primaryimage"},"image":{"@id":"https:\/\/www.quincaillerie-lustrerie.be\/en\/produit\/oeuvre-unique-en-bronze-patine-representant-un-style-abstrait-contemporain-lartiste-utilise-le-contraste-des-textures-et-la-juxtaposition-des-formes-pour-creer-une-tension-visuelle-fascinante-pie\/#primaryimage"},"thumbnailUrl":"https:\/\/www.quincaillerie-lustrerie.be\/wp-content\/uploads\/2025\/01\/IMG_5138.jpg","datePublished":"2025-01-31T10:19:19+00:00","dateModified":"2025-01-31T10:20:57+00:00","description":"\u0152uvre unique en bronze patin\u00e9, repr\u00e9sentant un style abstrait contemporain. L'artiste utilise le contraste des textures et la juxtaposition des formes pour cr\u00e9er une tension visuelle fascinante. Pi\u00e8ce de collection d'exception.","breadcrumb":{"@id":"https:\/\/www.quincaillerie-lustrerie.be\/en\/produit\/oeuvre-unique-en-bronze-patine-representant-un-style-abstrait-contemporain-lartiste-utilise-le-contraste-des-textures-et-la-juxtaposition-des-formes-pour-creer-une-tension-visuelle-fascinante-pie\/#breadcrumb"},"inLanguage":"en-US","potentialAction":[{"@type":"ReadAction","target":["https:\/\/www.quincaillerie-lustrerie.be\/en\/produit\/oeuvre-unique-en-bronze-patine-representant-un-style-abstrait-contemporain-lartiste-utilise-le-contraste-des-textures-et-la-juxtaposition-des-formes-pour-creer-une-tension-visuelle-fascinante-pie\/"]}]},{"@type":"ImageObject","inLanguage":"en-US","@id":"https:\/\/www.quincaillerie-lustrerie.be\/en\/produit\/oeuvre-unique-en-bronze-patine-representant-un-style-abstrait-contemporain-lartiste-utilise-le-contraste-des-textures-et-la-juxtaposition-des-formes-pour-creer-une-tension-visuelle-fascinante-pie\/#primaryimage","url":"https:\/\/www.quincaillerie-lustrerie.be\/wp-content\/uploads\/2025\/01\/IMG_5138.jpg","contentUrl":"https:\/\/www.quincaillerie-lustrerie.be\/wp-content\/uploads\/2025\/01\/IMG_5138.jpg","width":1059,"height":1061},{"@type":"BreadcrumbList","@id":"https:\/\/www.quincaillerie-lustrerie.be\/en\/produit\/oeuvre-unique-en-bronze-patine-representant-un-style-abstrait-contemporain-lartiste-utilise-le-contraste-des-textures-et-la-juxtaposition-des-formes-pour-creer-une-tension-visuelle-fascinante-pie\/#breadcrumb","itemListElement":[{"@type":"ListItem","position":1,"name":"Accueil","item":"https:\/\/www.quincaillerie-lustrerie.be\/"},{"@type":"ListItem","position":2,"name":"Morceau d&rsquo;obus"}]},{"@type":"WebSite","@id":"https:\/\/www.quincaillerie-lustrerie.be\/#website","url":"https:\/\/www.quincaillerie-lustrerie.be\/","name":"Quincaillerie &amp; Lustrerie","description":"Vintage et Antiques","publisher":{"@id":"https:\/\/www.quincaillerie-lustrerie.be\/#\/schema\/person\/b803e421c0f01ae448438d407fee966a"},"potentialAction":[{"@type":"SearchAction","target":{"@type":"EntryPoint","urlTemplate":"https:\/\/www.quincaillerie-lustrerie.be\/?s={search_term_string}"},"query-input":{"@type":"PropertyValueSpecification","valueRequired":true,"valueName":"search_term_string"}}],"inLanguage":"en-US"},{"@type":["Person","Organization"],"@id":"https:\/\/www.quincaillerie-lustrerie.be\/#\/schema\/person\/b803e421c0f01ae448438d407fee966a","name":"adminquincaillerie","image":{"@type":"ImageObject","inLanguage":"en-US","@id":"https:\/\/www.quincaillerie-lustrerie.be\/#\/schema\/person\/image\/","url":"https:\/\/www.quincaillerie-lustrerie.be\/wp-content\/uploads\/2022\/05\/logo.png","contentUrl":"https:\/\/www.quincaillerie-lustrerie.be\/wp-content\/uploads\/2022\/05\/logo.png","width":275,"height":130,"caption":"adminquincaillerie"},"logo":{"@id":"https:\/\/www.quincaillerie-lustrerie.be\/#\/schema\/person\/image\/"}}]}},"_links":{"self":[{"href":"https:\/\/www.quincaillerie-lustrerie.be\/en\/wp-json\/wp\/v2\/product\/1833","targetHints":{"allow":["GET"]}}],"collection":[{"href":"https:\/\/www.quincaillerie-lustrerie.be\/en\/wp-json\/wp\/v2\/product"}],"about":[{"href":"https:\/\/www.quincaillerie-lustrerie.be\/en\/wp-json\/wp\/v2\/types\/product"}],"wp:featuredmedia":[{"embeddable":true,"href":"https:\/\/www.quincaillerie-lustrerie.be\/en\/wp-json\/wp\/v2\/media\/1831"}],"wp:attachment":[{"href":"https:\/\/www.quincaillerie-lustrerie.be\/en\/wp-json\/wp\/v2\/media?parent=1833"}],"wp:term":[{"taxonomy":"product_brand","embeddable":true,"href":"https:\/\/www.quincaillerie-lustrerie.be\/en\/wp-json\/wp\/v2\/product_brand?post=1833"},{"taxonomy":"product_cat","embeddable":true,"href":"https:\/\/www.quincaillerie-lustrerie.be\/en\/wp-json\/wp\/v2\/product_cat?post=1833"},{"taxonomy":"product_tag","embeddable":true,"href":"https:\/\/www.quincaillerie-lustrerie.be\/en\/wp-json\/wp\/v2\/product_tag?post=1833"}],"curies":[{"name":"wp","href":"https:\/\/api.w.org\/{rel}","templated":true}]}}